{"id":5856,"date":"2023-02-02T16:28:47","date_gmt":"2023-02-02T15:28:47","guid":{"rendered":"https:\/\/www.salentocongusto.com\/?page_id=5856"},"modified":"2024-07-10T17:33:25","modified_gmt":"2024-07-10T15:33:25","slug":"sugo-tonno-e-capperi","status":"publish","type":"page","link":"https:\/\/www.salentocongusto.com\/it\/prodotto\/sugo-tonno-e-capperi","title":{"rendered":"Sugo di pesce con spigola"},"content":{"rendered":"<p><em>Il sugo di pesce \u00e8 uno di quei sughi o condimenti per la pasta ai quali non sappiamo dire di no e che spesso fanno capolino nelle nostre cucine durante la settimana lavorativa. E&#8217; un sugo veloce che accontenta senza troppe pretese tutta la famiglia: il pesce, a differenza della carne, non richiede cotture lunghe. Ovviamente, potete prepararlo in grande semplicit\u00e0, con quel che avete in casa. Oppure potete decidere di preparar un buon sugo di pesce con ingredienti gustosi e ricercati, acquistati in speciali negozietti alimentari di nicchia o pescherie della vostra citt\u00e0. Oppure, potete anche comprare di pesce con spigola gi\u00e0 pronto.<\/em><\/p>\n<h2>Sugo di pesce con spigola pugliese<\/h2>\n<p><a href=\"https:\/\/shop.laterradipuglia.it\/it\/sughi\/700-spigola-in-rosso-sugo-di-pesce-con-spigola-8053689160567.html\">Sugo di pesce con <strong>spigola<\/strong><\/a> gi\u00e0 pronto, in cosa consiste? Dove trovarlo? Da cosa sa? Il sugo di pesce con spigola gi\u00e0 pronto \u00e8 decisamente goloso a patto che sia il prodotto di un&#8217;azienda che lavora con la qualit\u00e0. La qualit\u00e0 delle materie prime, naturalmente, scelte e prescelte una ad una scegliendo i migliori fornitori del settore. <strong>La Terra di Puglia<\/strong> per esempio si occupa di produrre e preparare sughi pronti &#8211; anche di pesce &#8211; con una percentuale di pesce elevatissima. E sono sempre e solo pesci provenienti nei mari antistanti la Puglia, alimentati e cresciuti con cura e rispetto.<\/p>\n<p>Infine, mentre i sughi di pesce commerciali contengono sovente un 7% circa di pesce, i sughi a marchio La Terra di Puglia hanno oltre il 40% di pesce. Autentica bont\u00e0 e tutta salute!<\/p>\n<p><a href=\"https:\/\/shop.laterradipuglia.it\/it\/sughi\/700-spigola-in-rosso-sugo-di-pesce-con-spigola.html\"><img loading=\"lazy\" decoding=\"async\" class=\"alignnone wp-image-6466 size-full\" src=\"https:\/\/www.salentocongusto.com\/it\/wp-content\/uploads\/2023\/02\/spigola-in-rosso-sugo-di-pesce-con-spigola.jpeg\" alt=\"sugo di pesce con spigola pugliese - Salentocongusto.com\" width=\"800\" height=\"800\" srcset=\"https:\/\/www.salentocongusto.com\/it\/wp-content\/uploads\/2023\/02\/spigola-in-rosso-sugo-di-pesce-con-spigola.jpeg 800w, https:\/\/www.salentocongusto.com\/it\/wp-content\/uploads\/2023\/02\/spigola-in-rosso-sugo-di-pesce-con-spigola-300x300.jpeg 300w, https:\/\/www.salentocongusto.com\/it\/wp-content\/uploads\/2023\/02\/spigola-in-rosso-sugo-di-pesce-con-spigola-150x150.jpeg 150w, https:\/\/www.salentocongusto.com\/it\/wp-content\/uploads\/2023\/02\/spigola-in-rosso-sugo-di-pesce-con-spigola-768x768.jpeg 768w\" sizes=\"auto, (max-width: 800px) 100vw, 800px\" \/><\/a><\/p>\n","protected":false},"excerpt":{"rendered":"<p>Il sugo di pesce \u00e8 uno di quei sughi o condimenti per la pasta ai quali non sappiamo dire di&hellip;<\/p>\n","protected":false},"author":1,"featured_media":6466,"parent":5718,"menu_order":0,"comment_status":"closed","ping_status":"closed","template":"","meta":{"footnotes":""},"class_list":["post-5856","page","type-page","status-publish","has-post-thumbnail","hentry"],"aioseo_notices":[],"_links":{"self":[{"href":"https:\/\/www.salentocongusto.com\/it\/wp-json\/wp\/v2\/pages\/5856","targetHints":{"allow":["GET"]}}],"collection":[{"href":"https:\/\/www.salentocongusto.com\/it\/wp-json\/wp\/v2\/pages"}],"about":[{"href":"https:\/\/www.salentocongusto.com\/it\/wp-json\/wp\/v2\/types\/page"}],"author":[{"embeddable":true,"href":"https:\/\/www.salentocongusto.com\/it\/wp-json\/wp\/v2\/users\/1"}],"replies":[{"embeddable":true,"href":"https:\/\/www.salentocongusto.com\/it\/wp-json\/wp\/v2\/comments?post=5856"}],"version-history":[{"count":2,"href":"https:\/\/www.salentocongusto.com\/it\/wp-json\/wp\/v2\/pages\/5856\/revisions"}],"predecessor-version":[{"id":7939,"href":"https:\/\/www.salentocongusto.com\/it\/wp-json\/wp\/v2\/pages\/5856\/revisions\/7939"}],"up":[{"embeddable":true,"href":"https:\/\/www.salentocongusto.com\/it\/wp-json\/wp\/v2\/pages\/5718"}],"wp:featuredmedia":[{"embeddable":true,"href":"https:\/\/www.salentocongusto.com\/it\/wp-json\/wp\/v2\/media\/6466"}],"wp:attachment":[{"href":"https:\/\/www.salentocongusto.com\/it\/wp-json\/wp\/v2\/media?parent=5856"}],"curies":[{"name":"wp","href":"https:\/\/api.w.org\/{rel}","templated":true}]}}