{"id":5852,"date":"2023-02-02T16:28:12","date_gmt":"2023-02-02T15:28:12","guid":{"rendered":"https:\/\/www.salentocongusto.com\/?page_id=5852"},"modified":"2023-02-27T08:32:00","modified_gmt":"2023-02-27T07:32:00","slug":"primitivo-cantele","status":"publish","type":"page","link":"https:\/\/www.salentocongusto.com\/it\/prodotto\/primitivo-cantele","title":{"rendered":"Primitivo Cantele"},"content":{"rendered":"<p>Se sei un appassionato di vini e non puoi fare a meno di assaporare un ottimo vino nero pugliese ti suggeriamo di portare in tavola il Primitivo di Cantele.<\/p>\n<h2>Il vino Primitivo di Cantele<\/h2>\n<p>Il Primitivo Cantele \u00e8 un vino rosso ottenuto con uve al 100% primitivo dal gusto intenso, ma comunque eleganti che si possono abbinare a tantissimi piatti. Qui di seguito puoi scoprire alcune delle pi\u00f9 importanti informazioni che riguardano questo il vino pugliese di <a href=\"https:\/\/www.salentocongusto.com\/it\/marchio\/cantele\">Cantele<\/a>, dal momento della vinificazione siano alla migliore proposta con gli alimenti da portare in tavola.<\/p>\n<p><strong>VINIFICAZIONE: <\/strong>Una volta\u00a0terminata la pigiatura e la diraspatura si ottiene il mosto che \u00e8 lasciato in macerazione per un periodo di\u00a0circa 6-7 giorni. Durante questa settimana la temperatura di fermentazione \u00e8 mantenuta stabile entro i 25-26\u00b0 C.<\/p>\n<p><strong>AFFINAMENTO:<\/strong>\u00a0questa fase della produzione del Primitivo \u00e8 fatta in barriques per circa 6 mesi.<\/p>\n<p><strong>CAPACIT\u00c0 DI INVECCHIAMENTO:<\/strong>\u00a0\u00c8 un vino ottimo da bere subito, ma si pu\u00f2 anche lasciarlo invecchiare per 3-4 anni, assaporando cos\u00ec la sua evoluzione.<\/p>\n<p><strong>NASO:<\/strong>\u00a0All&#8217;olfatto questo vino ci porta alla mente una serie di sentori: trovi profumi minerali che si fondono con il marasca, l\u2019amarena e la prugna. Ci sono anche note di fiori e spezie che danno un tocco finale.<\/p>\n<p><strong>PALATO:\u00a0<\/strong>Bevendo un bicchiere di Primitivo\u00a0potrete percepire i tannini non aggressivi, ma anche una buona acidit\u00e0 e morbidezza. Il vino pugliese \u00e8 vigoroso, ma al tempo stesso elegante al palato!<\/p>\n<h2>Come servire il Primitivo Cantele per rendere unica la tua cena<\/h2>\n<p>Se ti stai domandando quali sono gli abbinamenti migliori con questo vino, non potrai fare a meno di seguire i nostri consigli. Il Primitivo \u00e8 un vino che \u00e8 perfetto <strong>da servire con piatti saporiti<\/strong>: per esempio, potrete portare un calice di vino di fianco a pasta con sughi di carne, ma anche una bella bistecca ai ferri. Vi suggeriamo di testare anche un altro abbinamento interessante ovvero con la carne di agnello. Potrai gustare un buon bicchiere di vino rosso anche con i <strong>formaggi di media\/alta stagionatura<\/strong>.<\/p>\n<p>Ora che hai tutte queste informazioni sei pronto per portare in tavola la tua bottiglia di Primitivo!<\/p>\n","protected":false},"excerpt":{"rendered":"<p>Se sei un appassionato di vini e non puoi fare a meno di assaporare un ottimo vino nero pugliese ti&hellip;<\/p>\n","protected":false},"author":1,"featured_media":3481,"parent":5718,"menu_order":0,"comment_status":"closed","ping_status":"closed","template":"","meta":{"footnotes":""},"class_list":["post-5852","page","type-page","status-publish","has-post-thumbnail","hentry"],"aioseo_notices":[],"_links":{"self":[{"href":"https:\/\/www.salentocongusto.com\/it\/wp-json\/wp\/v2\/pages\/5852","targetHints":{"allow":["GET"]}}],"collection":[{"href":"https:\/\/www.salentocongusto.com\/it\/wp-json\/wp\/v2\/pages"}],"about":[{"href":"https:\/\/www.salentocongusto.com\/it\/wp-json\/wp\/v2\/types\/page"}],"author":[{"embeddable":true,"href":"https:\/\/www.salentocongusto.com\/it\/wp-json\/wp\/v2\/users\/1"}],"replies":[{"embeddable":true,"href":"https:\/\/www.salentocongusto.com\/it\/wp-json\/wp\/v2\/comments?post=5852"}],"version-history":[{"count":0,"href":"https:\/\/www.salentocongusto.com\/it\/wp-json\/wp\/v2\/pages\/5852\/revisions"}],"up":[{"embeddable":true,"href":"https:\/\/www.salentocongusto.com\/it\/wp-json\/wp\/v2\/pages\/5718"}],"wp:featuredmedia":[{"embeddable":true,"href":"https:\/\/www.salentocongusto.com\/it\/wp-json\/wp\/v2\/media\/3481"}],"wp:attachment":[{"href":"https:\/\/www.salentocongusto.com\/it\/wp-json\/wp\/v2\/media?parent=5852"}],"curies":[{"name":"wp","href":"https:\/\/api.w.org\/{rel}","templated":true}]}}