{"id":5738,"date":"2023-02-02T16:01:36","date_gmt":"2023-02-02T15:01:36","guid":{"rendered":"https:\/\/www.salentocongusto.com\/?page_id=5738"},"modified":"2024-07-10T17:38:23","modified_gmt":"2024-07-10T15:38:23","slug":"amaro-di-foglie-di-ulivo-vulia","status":"publish","type":"page","link":"https:\/\/www.salentocongusto.com\/it\/prodotto\/amaro-di-foglie-di-ulivo-vulia","title":{"rendered":"Amaro di foglie di ulivo \u201cVulia\u201d"},"content":{"rendered":"<p>L&#8217;infuso artigianale amaro di foglie di ulivo \u201cVulia\u201d \u00e8 ottimo da gustare freddo dopo i pasti dalle ottime propriet\u00e0 digestive. Non presenta n\u00e9\u00a0coloranti e n\u00e9 conservanti. \u00a0Scopriamo le virt\u00f9 di questa pianta utilizzata non solo per il liquore del Salento, bens\u00ec sin dai tempi antichi!<\/p>\n<h2>Le propriet\u00e0 delle foglie di ulivo<\/h2>\n<p>L\u2019ulivo, gi\u00e0 nell\u2019antichit\u00e0, era un albero <strong>molto utilizzato e apprezzato per le sue doti curative.<\/strong>\u00a0Con le sue foglie si preparava ad esempio un decotto utile a contrastare la febbre e in generale tutte le malattie dovute a virus e batteri. Questo rimedio naturale si comporta infatti a tutti <strong>gli effetti come un antibiotico naturale<\/strong>, anche se oggi tendiamo a scegliere altri tipi di soluzioni naturali, dimenticandoci di questa pianta \u201cdi casa nostra\u201d. Altre propriet\u00e0 delle foglie di ulivo sono<strong> l\u2019effetto antiossidante, antinfiammatorio, energizzante. <\/strong>Infatti, \u00e8 in grado di\u00a0migliorare gli stati di stanchezza e astenia, ma \u00e8 in grado anche di abbassare la febbre e dare un effetto diuretico. Alcune ricerche hanno poi dimostrato come <strong>l\u2019estratto sia utile contro il diabete<\/strong> (grazie all\u2019azione ipoglicemizzante). Lo stesso \u00e8 stato dichiarato utile anche con le\u00a0<strong>malattie degenerative come l\u2019Alzheimer o il cancro<\/strong>. Ecco perch\u00e9 l&#8217;azienda Linfa Salento ha deciso di sfruttare a suo vantaggio questo il delizioso amaro di foglie di ulivo \u201cVulia\u201d.<\/p>\n<h2>L&#8217;infuso artigianale Amaro di foglie di ulivo Vulia<\/h2>\n<p>\u201c<a href=\"https:\/\/www.salentocongusto.com\/it\/marchio\/linfa-salento\">Linfa Salento<\/a>\u201d \u00e8 un prodotto esclusivo, squisitamente <strong>artigianale e di grande e autentica qualit\u00e0<\/strong>. Cosa lo rende unico?<\/p>\n<p>Chiudete gli occhi e immaginate di essere nel Salento, pi\u00f9 precisamente a sud \u2013 est. Raffigurate una zona verde, dove il finocchio selvatico (in dialetto <em>fanucchiu restu)\u00a0<\/em>e altre piante aromatiche nascono in modo spontaneo e libere. Tutta la vegetazione \u00e8 a strapiombo sul mare. <strong>Niente aromi chimici, niente di artificiale<\/strong>. Le erbe dei nostri infusi vengono raccolte esclusivamente nell\u2019area del parco naturale protetto \u201cOtranto \u2013 Leuca\u201d. Ci\u00f2 \u00e8 reso possibile grazie alla gentile concessione dell\u2019ente stesso. Tra giugno e novembre raccogliamo le nostre erbe aromatiche, scegliendo accuratamente solo<strong> le piante pi\u00f9 tenere e profumate<\/strong>. In questo modo il\u00a0<a href=\"http:\/\/www.salentocongusto.com\/it\/categoria-prodotto\/liquori\">liquore del Salento<\/a>\u00a0pu\u00f2 offrire al palato una bevanda pregiata e artigianale.<\/p>\n<p>Che sia questo un elisir di lunga vita? Non lo sappiamo, quello che \u00e8 certo \u00e8 che vi innamorerete dell&#8217;amaro di foglie di ulivo \u201cVulia\u201d sin dal primo sorso!<\/p>\n<p>Vi consigliamo se siete appassionati di ulivi, anche la <a href=\"https:\/\/shop.laterradipuglia.it\/it\/pasta\/421-foglie-d-ulivo-di-semola-8053689162592.html\">pasta alle foglie di ulivo<\/a>.<\/p>\n","protected":false},"excerpt":{"rendered":"<p>L&#8217;infuso artigianale amaro di foglie di ulivo \u201cVulia\u201d \u00e8 ottimo da gustare freddo dopo i pasti dalle ottime propriet\u00e0 digestive.&hellip;<\/p>\n","protected":false},"author":1,"featured_media":3320,"parent":5718,"menu_order":0,"comment_status":"closed","ping_status":"closed","template":"","meta":{"footnotes":""},"class_list":["post-5738","page","type-page","status-publish","has-post-thumbnail","hentry"],"aioseo_notices":[],"_links":{"self":[{"href":"https:\/\/www.salentocongusto.com\/it\/wp-json\/wp\/v2\/pages\/5738","targetHints":{"allow":["GET"]}}],"collection":[{"href":"https:\/\/www.salentocongusto.com\/it\/wp-json\/wp\/v2\/pages"}],"about":[{"href":"https:\/\/www.salentocongusto.com\/it\/wp-json\/wp\/v2\/types\/page"}],"author":[{"embeddable":true,"href":"https:\/\/www.salentocongusto.com\/it\/wp-json\/wp\/v2\/users\/1"}],"replies":[{"embeddable":true,"href":"https:\/\/www.salentocongusto.com\/it\/wp-json\/wp\/v2\/comments?post=5738"}],"version-history":[{"count":1,"href":"https:\/\/www.salentocongusto.com\/it\/wp-json\/wp\/v2\/pages\/5738\/revisions"}],"predecessor-version":[{"id":7954,"href":"https:\/\/www.salentocongusto.com\/it\/wp-json\/wp\/v2\/pages\/5738\/revisions\/7954"}],"up":[{"embeddable":true,"href":"https:\/\/www.salentocongusto.com\/it\/wp-json\/wp\/v2\/pages\/5718"}],"wp:featuredmedia":[{"embeddable":true,"href":"https:\/\/www.salentocongusto.com\/it\/wp-json\/wp\/v2\/media\/3320"}],"wp:attachment":[{"href":"https:\/\/www.salentocongusto.com\/it\/wp-json\/wp\/v2\/media?parent=5738"}],"curies":[{"name":"wp","href":"https:\/\/api.w.org\/{rel}","templated":true}]}}