{"id":5724,"date":"2023-02-02T15:58:30","date_gmt":"2023-02-02T14:58:30","guid":{"rendered":"https:\/\/www.salentocongusto.com\/?page_id=5724"},"modified":"2024-07-18T09:57:56","modified_gmt":"2024-07-18T07:57:56","slug":"puntarelle-alla-crudaiola","status":"publish","type":"page","link":"https:\/\/www.salentocongusto.com\/it\/prodotto\/puntarelle-alla-crudaiola","title":{"rendered":"Puntarelle alla crudaiola"},"content":{"rendered":"<p><em>Le puntarelle alla crudaiola hanno una tecnica di preparazione permette di mantenere inalterate la freschezza e la croccantezza dell\u2019ortaggio. Questo prodotto \u00e8 un contorno dal gusto molto speciale, ideale per dare freschezza e carattere ai piatti a base carne, formaggi, tartare di pesce. E\u2019 una pianta davvero poco conosciuta in Italia, tutta da scoprire!<\/em><\/p>\n<h2>Puntarelle alla crudaiola, ricetta<\/h2>\n<p><strong>Le puntarelle alla crudaiola sono un delizioso contorno che sa di Puglia.<\/strong> Leggere e croccanti, mettono daccordo tutti i palati. La ricetta delle puntarelle alla crudaiola \u00e8 molto semplice ma per realizzarla dovreste trovare la cicoria &#8220;giusta&#8221;: in Puglia la pianta ideale \u00e8 la cicoria di Galatina, che presenta al suo interno, ovvero nel cuore, le famose puntarelle.<\/p>\n<p>La realizzazione \u00e8 semplice: le <strong>puntarelle<\/strong> vanno mondate e lavate, poi bollite per soli 3 minuti in un composto di acqua, aceto, succo di limone, sale integrale, zucchero e olio di oliva. Vanno poi invasate nel medesimo liquido, una volta fredde.<\/p>\n<h3>Come conservare la cicoria in vasetto?<\/h3>\n<p>Se vi state domandando<strong> come conservare la cicoria in vasetto o nei vasetti,<\/strong> bollitela come descritto sopra. Se l&#8217;intento \u00e8 una conservazione su lungo periodo, attenzione che i vasetti devono essere molto ben sterilizzati!<\/p>\n<div style=\"clear:both; margin-top:0em; margin-bottom:1em;\"><a href=\"https:\/\/www.salentocongusto.com\/it\/puntarelle-sottolio-i-contadini-del-salento-ci-svelano-la-ricetta.htm\" target=\"_self\" rel=\"dofollow\" class=\"u0ca528a8ceaca71fc1cb1f5a1a1af8ab\"><style> .u0ca528a8ceaca71fc1cb1f5a1a1af8ab , .u0ca528a8ceaca71fc1cb1f5a1a1af8ab .postImageUrl , .u0ca528a8ceaca71fc1cb1f5a1a1af8ab .centered-text-area { min-height: 80px; position: relative; } .u0ca528a8ceaca71fc1cb1f5a1a1af8ab , .u0ca528a8ceaca71fc1cb1f5a1a1af8ab:hover , .u0ca528a8ceaca71fc1cb1f5a1a1af8ab:visited , .u0ca528a8ceaca71fc1cb1f5a1a1af8ab:active { border:0!important; } .u0ca528a8ceaca71fc1cb1f5a1a1af8ab .clearfix:after { content: \"\"; display: table; clear: both; } .u0ca528a8ceaca71fc1cb1f5a1a1af8ab { display: block; transition: background-color 250ms; webkit-transition: background-color 250ms; width: 100%; opacity: 1; transition: opacity 250ms; webkit-transition: opacity 250ms; background-color: #C0392B; } .u0ca528a8ceaca71fc1cb1f5a1a1af8ab:active , .u0ca528a8ceaca71fc1cb1f5a1a1af8ab:hover { opacity: 1; transition: opacity 250ms; webkit-transition: opacity 250ms; background-color: #E74C3C; } .u0ca528a8ceaca71fc1cb1f5a1a1af8ab .centered-text-area { width: 100%; position: relative; } .u0ca528a8ceaca71fc1cb1f5a1a1af8ab .ctaText { border-bottom: 0 solid #fff; color: #F39C12; font-size: 16px; font-weight: bold; margin: 0; padding: 0; text-decoration: underline; } .u0ca528a8ceaca71fc1cb1f5a1a1af8ab .postTitle { color: #FFFFFF; font-size: 16px; font-weight: 600; margin: 0; padding: 0; width: 100%; } .u0ca528a8ceaca71fc1cb1f5a1a1af8ab .ctaButton { background-color: #E74C3C!important; color: #F39C12; border: none; border-radius: 3px; box-shadow: none; font-size: 14px; font-weight: bold; line-height: 26px; moz-border-radius: 3px; text-align: center; text-decoration: none; text-shadow: none; width: 80px; min-height: 80px; background: url(https:\/\/www.salentocongusto.com\/it\/wp-content\/plugins\/intelly-related-posts\/assets\/images\/simple-arrow.png)no-repeat; position: absolute; right: 0; top: 0; } .u0ca528a8ceaca71fc1cb1f5a1a1af8ab:hover .ctaButton { background-color: #C0392B!important; } .u0ca528a8ceaca71fc1cb1f5a1a1af8ab .centered-text { display: table; height: 80px; padding-left: 18px; top: 0; } .u0ca528a8ceaca71fc1cb1f5a1a1af8ab .u0ca528a8ceaca71fc1cb1f5a1a1af8ab-content { display: table-cell; margin: 0; padding: 0; padding-right: 108px; position: relative; vertical-align: middle; width: 100%; } .u0ca528a8ceaca71fc1cb1f5a1a1af8ab:after { content: \"\"; display: block; clear: both; } <\/style><div class=\"centered-text-area\"><div class=\"centered-text\" style=\"float: left;\"><div class=\"u0ca528a8ceaca71fc1cb1f5a1a1af8ab-content\"><span class=\"ctaText\">LEGGI ANCHE<\/span>&nbsp; <span class=\"postTitle\">Puntarelle sott'olio: i contadini del Salento ci svelano la ricetta<\/span><\/div><\/div><\/div><div class=\"ctaButton\"><\/div><\/a><\/div>\n<h3>Come fare la cicoria sott&#8217;olio o puntarelle sott&#8217;olio<\/h3>\n<p>Se non volete fare il mix lievemente agrodolce sopra descritto, potete anche sbollentare le cicorie in un mix di acqua e aceto (50 e 50) sempre per pochi minuti. A quel punto potrete invasare in ottimo olio di oliva in vasi sterilizzati. <strong>Ecco spiegato come fare la cicoria sott&#8217;olio o puntarelle sott&#8217;olio.<\/strong><\/p>\n<h3>Come lessare la cicoria?<\/h3>\n<p><strong>Lessare la cicoria \u00e8 semplice<\/strong>. Mondatela dalle foglie esterne troppo dure, lavatela bene, mettete acqua e sale grosso (poco) a bollire, dunque aggiungete la verdura e attendete pochi minuti. Il trucco: niente coperchio per avere una verdura verde brillante!<\/p>\n<h3>Quanto durano le Puntarelle alla crudaiola in frigo?<\/h3>\n<p>Se volete sapere <strong>quanto durano le puntarelle in frigo<\/strong>, la risposta \u00e8 due o tre giorni se le avete lavate, asciugate e non condite. Se sono condite, non vi consigliamo di conservarle. Meglio consumarle subito!<\/p>\n<div style=\"clear:both; margin-top:0em; margin-bottom:1em;\"><a href=\"https:\/\/www.salentocongusto.com\/it\/puntarelle-sottolio-cosa-sono-come-gustarle-come-prepararle.htm\" target=\"_self\" rel=\"dofollow\" class=\"u45bc42e6480ceac9f84b5d43933b9743\"><style> .u45bc42e6480ceac9f84b5d43933b9743 , .u45bc42e6480ceac9f84b5d43933b9743 .postImageUrl , .u45bc42e6480ceac9f84b5d43933b9743 .centered-text-area { min-height: 80px; position: relative; } .u45bc42e6480ceac9f84b5d43933b9743 , .u45bc42e6480ceac9f84b5d43933b9743:hover , .u45bc42e6480ceac9f84b5d43933b9743:visited , .u45bc42e6480ceac9f84b5d43933b9743:active { border:0!important; } .u45bc42e6480ceac9f84b5d43933b9743 .clearfix:after { content: \"\"; display: table; clear: both; } .u45bc42e6480ceac9f84b5d43933b9743 { display: block; transition: background-color 250ms; webkit-transition: background-color 250ms; width: 100%; opacity: 1; transition: opacity 250ms; webkit-transition: opacity 250ms; background-color: #C0392B; } .u45bc42e6480ceac9f84b5d43933b9743:active , .u45bc42e6480ceac9f84b5d43933b9743:hover { opacity: 1; transition: opacity 250ms; webkit-transition: opacity 250ms; background-color: #E74C3C; } .u45bc42e6480ceac9f84b5d43933b9743 .centered-text-area { width: 100%; position: relative; } .u45bc42e6480ceac9f84b5d43933b9743 .ctaText { border-bottom: 0 solid #fff; color: #F39C12; font-size: 16px; font-weight: bold; margin: 0; padding: 0; text-decoration: underline; } .u45bc42e6480ceac9f84b5d43933b9743 .postTitle { color: #FFFFFF; font-size: 16px; font-weight: 600; margin: 0; padding: 0; width: 100%; } .u45bc42e6480ceac9f84b5d43933b9743 .ctaButton { background-color: #E74C3C!important; color: #F39C12; border: none; border-radius: 3px; box-shadow: none; font-size: 14px; font-weight: bold; line-height: 26px; moz-border-radius: 3px; text-align: center; text-decoration: none; text-shadow: none; width: 80px; min-height: 80px; background: url(https:\/\/www.salentocongusto.com\/it\/wp-content\/plugins\/intelly-related-posts\/assets\/images\/simple-arrow.png)no-repeat; position: absolute; right: 0; top: 0; } .u45bc42e6480ceac9f84b5d43933b9743:hover .ctaButton { background-color: #C0392B!important; } .u45bc42e6480ceac9f84b5d43933b9743 .centered-text { display: table; height: 80px; padding-left: 18px; top: 0; } .u45bc42e6480ceac9f84b5d43933b9743 .u45bc42e6480ceac9f84b5d43933b9743-content { display: table-cell; margin: 0; padding: 0; padding-right: 108px; position: relative; vertical-align: middle; width: 100%; } .u45bc42e6480ceac9f84b5d43933b9743:after { content: \"\"; display: block; clear: both; } <\/style><div class=\"centered-text-area\"><div class=\"centered-text\" style=\"float: left;\"><div class=\"u45bc42e6480ceac9f84b5d43933b9743-content\"><span class=\"ctaText\">LEGGI ANCHE<\/span>&nbsp; <span class=\"postTitle\">Puntarelle sott'olio: cosa sono, come gustarle, come prepararle<\/span><\/div><\/div><\/div><div class=\"ctaButton\"><\/div><\/a><\/div>\n<h2>Puntarelle alla crudaiola, i contadini pugliesi conoscono la ricetta &#8220;segreta&#8221;<\/h2>\n<p><strong>Per quanto riguarda le puntarelle alla crudaiola, i contadini pugliesi &#8220;la sanno lunga&#8221;.<\/strong> Anche se associate spesso le <a href=\"https:\/\/www.salentocongusto.com\/it\/puntarelle-sottolio-i-contadini-del-salento-ci-svelano-la-ricetta.htm\">puntarelle<\/a> ad una ricetta tipica della cucina laziale e romana, come accennato la verdura migliore per preparare le puntarelle alla crudaiola \u00e8 quella della cicoria di Galatina, che \u00e8 come sappiamo una verdura salentina. Ecco perch\u00e8 i contadini pugliesi usano prepararla spesso al fine di conservarla per l&#8217;inverno.<\/p>\n<h2>Puntarelle alla romana cotte<\/h2>\n<p>Le puntarelle alla romana sono un contorno crudo, ma potete anche cuocerle. <strong>Per fare le puntarelle alla romana cotte,<\/strong> dovrete prima sbollentarle in acqua bollente leggermente salata, e poi ripassarle in padella con ingredienti a piacere. Vi consigliamo di replicare i sapori della ricetta a crudo, aggiungendo qualche acciuga e perch\u00e8 no uno spicchio d&#8217;aglio.<\/p>\n<h2>Puntarelle alla napoletana<\/h2>\n<p><strong>Le puntarelle alla napoletana sono pi\u00f9 o meno come quelle alla romana.<\/strong> D&#8217;altronde, tra Roma e Napoli la distanza non \u00e8 molta e molte ricette tipiche sono in comune.<\/p>\n<p><img loading=\"lazy\" decoding=\"async\" class=\"alignnone size-large wp-image-5538\" src=\"https:\/\/www.salentocongusto.com\/wp-content\/uploads\/2018\/11\/IMG_0022-768x1024.jpg\" alt=\"\" width=\"768\" height=\"1024\" srcset=\"https:\/\/www.salentocongusto.com\/it\/wp-content\/uploads\/2018\/11\/IMG_0022-768x1024.jpg 768w, https:\/\/www.salentocongusto.com\/it\/wp-content\/uploads\/2018\/11\/IMG_0022-225x300.jpg 225w, https:\/\/www.salentocongusto.com\/it\/wp-content\/uploads\/2018\/11\/IMG_0022-1152x1536.jpg 1152w, https:\/\/www.salentocongusto.com\/it\/wp-content\/uploads\/2018\/11\/IMG_0022-1536x2048.jpg 1536w, https:\/\/www.salentocongusto.com\/it\/wp-content\/uploads\/2018\/11\/IMG_0022-600x800.jpg 600w, https:\/\/www.salentocongusto.com\/it\/wp-content\/uploads\/2018\/11\/IMG_0022-scaled.jpg 1920w\" sizes=\"auto, (max-width: 768px) 100vw, 768px\" \/><\/p>\n<h2>Puntarelle gratinate: che idea!<\/h2>\n<p><strong>Un&#8217;altra idea carina \u00e8 quella di preparare le puntarelle gratinate.<\/strong> Per preparare la ricetta, dovete prima lessare le puntarelle brevemente in acqua salata. Non troppo, fate in modo che esse mantengano un minimo di sostanza e croccantezza, visto che devono anche andare in forno! Dopodich\u00e8, scolatele bene e disponetele su una teglia da forno unta. Cospargetele di pangrattato, prezzemolo, un cucchiaino di pecorino, un cucchiaino di grana o parmigiano, sale e pepe. Otterrete una gratinatura davvero golosa. Se volete aggiungere pi\u00f9 gusto potete anche gratinare con besciamella. O, ancora, preparare un piccolo zabaione sbattendo un paio di uova ed aggiungendo formaggio, sale pepe e prezzemolo, in modo da creare una gratinatura soffice.<\/p>\n<h2>Puntarelle, pasta e insalatone: a ciascuno la sua ricetta<\/h2>\n<p>Le puntarelle, incluse quelle alla crudaiola e sott&#8217;olio, sono un ingrediente molto versatile. Buone come contorno, sono l&#8217;ideale anche per arricchire piatti pi\u00f9 ricchi e fantasiosi. <strong>In fatto di puntarelle, pasta e insalatone<\/strong> vanno a nozze. Pensate ad una pasta fredda con dadini di formaggio, puntarelle anche sottolio, qualche pomodoro secco e qualche oliva pugliese: un&#8217;idea che sa davvero di Puglia! O, ancora, ad un&#8217;insalatona con pollo e puntarelle, ugualmente irresistibile. Largo alla fantasia!<\/p>\n","protected":false},"excerpt":{"rendered":"<p>Le puntarelle alla crudaiola hanno una tecnica di preparazione permette di mantenere inalterate la freschezza e la croccantezza dell\u2019ortaggio. Questo&hellip;<\/p>\n","protected":false},"author":1,"featured_media":5147,"parent":5718,"menu_order":0,"comment_status":"closed","ping_status":"closed","template":"","meta":{"footnotes":""},"class_list":["post-5724","page","type-page","status-publish","has-post-thumbnail","hentry"],"aioseo_notices":[],"_links":{"self":[{"href":"https:\/\/www.salentocongusto.com\/it\/wp-json\/wp\/v2\/pages\/5724","targetHints":{"allow":["GET"]}}],"collection":[{"href":"https:\/\/www.salentocongusto.com\/it\/wp-json\/wp\/v2\/pages"}],"about":[{"href":"https:\/\/www.salentocongusto.com\/it\/wp-json\/wp\/v2\/types\/page"}],"author":[{"embeddable":true,"href":"https:\/\/www.salentocongusto.com\/it\/wp-json\/wp\/v2\/users\/1"}],"replies":[{"embeddable":true,"href":"https:\/\/www.salentocongusto.com\/it\/wp-json\/wp\/v2\/comments?post=5724"}],"version-history":[{"count":4,"href":"https:\/\/www.salentocongusto.com\/it\/wp-json\/wp\/v2\/pages\/5724\/revisions"}],"predecessor-version":[{"id":8141,"href":"https:\/\/www.salentocongusto.com\/it\/wp-json\/wp\/v2\/pages\/5724\/revisions\/8141"}],"up":[{"embeddable":true,"href":"https:\/\/www.salentocongusto.com\/it\/wp-json\/wp\/v2\/pages\/5718"}],"wp:featuredmedia":[{"embeddable":true,"href":"https:\/\/www.salentocongusto.com\/it\/wp-json\/wp\/v2\/media\/5147"}],"wp:attachment":[{"href":"https:\/\/www.salentocongusto.com\/it\/wp-json\/wp\/v2\/media?parent=5724"}],"curies":[{"name":"wp","href":"https:\/\/api.w.org\/{rel}","templated":true}]}}