{"id":5718,"date":"2023-02-02T15:55:01","date_gmt":"2023-02-02T14:55:01","guid":{"rendered":"https:\/\/www.salentocongusto.com\/?page_id=5718"},"modified":"2024-07-15T18:59:21","modified_gmt":"2024-07-15T16:59:21","slug":"prodotto","status":"publish","type":"page","link":"https:\/\/www.salentocongusto.com\/it\/prodotto","title":{"rendered":"Elenco prodotti del Salento"},"content":{"rendered":"<h2>Esplorate l&#8217;Elenco Prodotti Salentini su Salento con Gusto<\/h2>\n<p>Benvenuti su <strong>Salento con Gusto<\/strong>! Qui troverete un&#8217;ampia <strong>selezione di prodotti tipici salentini<\/strong>, accuratamente scelti per offrirvi il meglio della <strong>tradizione gastronomica pugliese<\/strong>. Dai <strong>vini pregiati<\/strong> agli <strong>oli extra vergine di oliva<\/strong>, passando per <strong>conserve artigianali<\/strong> e <strong>deliziosi dolci tradizionali<\/strong>, il nostro obiettivo \u00e8 portarvi i sapori autentici della nostra terra. Ogni prodotto \u00e8 realizzato con <strong>passione<\/strong> e rispetto per la <strong>qualit\u00e0<\/strong>, per garantirvi un&#8217;esperienza culinaria unica e indimenticabile. Esplorate il nostro <strong>catalogo<\/strong> e lasciatevi ispirare dai <strong>sapori del Salento<\/strong>!<\/p>\n<h3>I Tesori del Salento: Vini Pregiati e Oli Extra Vergine di Oliva<\/h3>\n<p>La nostra <strong>selezione di prodotti tipici salentini<\/strong> include una vasta gamma di <strong>vini pregiati<\/strong>. Questi vini, frutto di <strong>uve coltivate con cura<\/strong> nei vigneti locali, offrono una <strong>qualit\u00e0<\/strong> senza pari e rappresentano il meglio della <strong>produzione vitivinicola<\/strong> pugliese. Dai rossi intensi ai bianchi freschi, ogni bottiglia racconta una storia di <strong>tradizione<\/strong> e <strong>territorio<\/strong>.<\/p>\n<p>Non meno importanti sono i nostri <strong>oli extra vergine di oliva<\/strong>, ottenuti dalle migliori olive del Salento. Questi oli, caratterizzati da un gusto fruttato e una <strong>qualit\u00e0 superiore<\/strong>, sono ideali per esaltare qualsiasi piatto. Usateli a crudo su una fetta di pane, per condire insalate o per preparare sughi e salse dal sapore autentico.<\/p>\n\n<!-- Page-list plugin v.5.9 wordpress.org\/plugins\/page-list\/ -->\n<ul class=\"page-list subpages-page-list \">\n<li class=\"page_item page-item-5846\"><a href=\"https:\/\/www.salentocongusto.com\/it\/prodotto\/alticelli-fiano\">Alticelli Fiano<\/a><\/li>\n<li class=\"page_item page-item-5738\"><a href=\"https:\/\/www.salentocongusto.com\/it\/prodotto\/amaro-di-foglie-di-ulivo-vulia\">Amaro di foglie di ulivo \u201cVulia\u201d<\/a><\/li>\n<li class=\"page_item page-item-5834\"><a href=\"https:\/\/www.salentocongusto.com\/it\/prodotto\/amativo-cantele\">Amativo Cantele<\/a><\/li>\n<li class=\"page_item page-item-5844\"><a href=\"https:\/\/www.salentocongusto.com\/it\/prodotto\/chardonnay-cantele\">Chardonnay Cantele<\/a><\/li>\n<li class=\"page_item page-item-5780\"><a href=\"https:\/\/www.salentocongusto.com\/it\/prodotto\/crema-di-mentuccia-selvatica\">Crema di mentuccia selvatica<\/a><\/li>\n<li class=\"page_item page-item-5828\"><a href=\"https:\/\/www.salentocongusto.com\/it\/prodotto\/friselline-multicereali\">Friselline multicereali<\/a><\/li>\n<li class=\"page_item page-item-5732\"><a href=\"https:\/\/www.salentocongusto.com\/it\/prodotto\/graticciaia-igt-salento-vallone\">Graticciaia Vallone<\/a><\/li>\n<li class=\"page_item page-item-5736\"><a href=\"https:\/\/www.salentocongusto.com\/it\/prodotto\/limoncello-del-salento\">Limoncello del Salento<\/a><\/li>\n<li class=\"page_item page-item-5766\"><a href=\"https:\/\/www.salentocongusto.com\/it\/prodotto\/maritati-con-farina-orzo\">Maritati con farina di orzo<\/a><\/li>\n<li class=\"page_item page-item-5764\"><a href=\"https:\/\/www.salentocongusto.com\/it\/prodotto\/mustazzoli-salentini\">Mustazzoli salentini<\/a><\/li>\n<li class=\"page_item page-item-5836\"><a href=\"https:\/\/www.salentocongusto.com\/it\/prodotto\/negroamaro-rosato-cantele\">Negroamaro Rosato Cantele<\/a><\/li>\n<li class=\"page_item page-item-5854\"><a href=\"https:\/\/www.salentocongusto.com\/it\/prodotto\/negroamaro-cantele\">Negroamaro Rosso Cantele<\/a><\/li>\n<li class=\"page_item page-item-5912\"><a href=\"https:\/\/www.salentocongusto.com\/it\/prodotto\/olive-celline\">Olive celline<\/a><\/li>\n<li class=\"page_item page-item-5720\"><a href=\"https:\/\/www.salentocongusto.com\/it\/prodotto\/olive-leccine-condite\">Olive leccine al mirto<\/a><\/li>\n<li class=\"page_item page-item-5914\"><a href=\"https:\/\/www.salentocongusto.com\/it\/prodotto\/olive-leccine\">Olive leccine in salamoia<\/a><\/li>\n<li class=\"page_item page-item-5886\"><a href=\"https:\/\/www.salentocongusto.com\/it\/prodotto\/pate-di-peperoni\">Pat\u00e8 di peperoni<\/a><\/li>\n<li class=\"page_item page-item-5762\"><a href=\"https:\/\/www.salentocongusto.com\/it\/prodotto\/peperoni-alla-crudaiola\">Peperoni alla crudaiola<\/a><\/li>\n<li class=\"page_item page-item-5928\"><a href=\"https:\/\/www.salentocongusto.com\/it\/prodotto\/peperoni-dolci-secchi-sott-olio\">Peperoni dolci essiccati al sole<\/a><\/li>\n<li class=\"page_item page-item-5852\"><a href=\"https:\/\/www.salentocongusto.com\/it\/prodotto\/primitivo-cantele\">Primitivo Cantele<\/a><\/li>\n<li class=\"page_item page-item-5724\"><a href=\"https:\/\/www.salentocongusto.com\/it\/prodotto\/puntarelle-alla-crudaiola\">Puntarelle alla crudaiola<\/a><\/li>\n<li class=\"page_item page-item-5838\"><a href=\"https:\/\/www.salentocongusto.com\/it\/prodotto\/rohesia-cantele\">Rohesia Cantele<\/a><\/li>\n<li class=\"page_item page-item-5850\"><a href=\"https:\/\/www.salentocongusto.com\/it\/prodotto\/salice-salentino-cantele\">Salice Salentino Cantele<\/a><\/li>\n<li class=\"page_item page-item-5878\"><a href=\"https:\/\/www.salentocongusto.com\/it\/prodotto\/sugo-alle-olive-celline\">Sugo alle olive celline<\/a><\/li>\n<li class=\"page_item page-item-5856\"><a href=\"https:\/\/www.salentocongusto.com\/it\/prodotto\/sugo-tonno-e-capperi\">Sugo di pesce con spigola<\/a><\/li>\n<li class=\"page_item page-item-5840\"><a href=\"https:\/\/www.salentocongusto.com\/it\/prodotto\/teresa-manara-bianco-cantele\">Teresa Manara Bianco Cantele<\/a><\/li>\n<li class=\"page_item page-item-5848\"><a href=\"https:\/\/www.salentocongusto.com\/it\/prodotto\/teresa-manara-rosso-cantele\">Teresa Manara Rosso Cantele<\/a><\/li>\n<li class=\"page_item page-item-5932\"><a href=\"https:\/\/www.salentocongusto.com\/it\/prodotto\/zucchine-secche-sott-olio\">Vellutata di zucchine<\/a><\/li>\n<li class=\"page_item page-item-5842\"><a href=\"https:\/\/www.salentocongusto.com\/it\/prodotto\/verdeca-cantele\">Verdeca Cantele<\/a><\/li>\n\n<\/ul>\n<h3>Delizie Artigianali: Conserve e Dolci Tradizionali<\/h3>\n<p>L&#8217;<strong>elenco prodotti salentini<\/strong> non sarebbe completo senza le nostre <strong>conserve artigianali<\/strong>. Realizzate seguendo antiche ricette tramandate di generazione in generazione, queste conserve catturano l&#8217;essenza del <strong>territorio salentino<\/strong>. Pomodori secchi, peperoni arrostiti, melanzane sott&#8217;olio e altre prelibatezze vi trasporteranno nei sapori genuini della Puglia.<\/p>\n<p>I <strong>dolci tradizionali<\/strong> sono un altro fiore all&#8217;occhiello del nostro <strong>catalogo<\/strong>. Prodotti con ingredienti semplici e genuini, come mandorle, miele e vincotto, rappresentano un tuffo nei sapori di una volta. Provate i <strong>pasticciotti<\/strong>, i <strong>mustaccioli<\/strong> e i <strong>taralli dolci<\/strong> per un&#8217;esperienza dolce e autentica.<\/p>\n<h4>Il Nostro Impegno per la Qualit\u00e0 e l&#8217;Autenticit\u00e0<\/h4>\n<p>Su <strong>Salento con Gusto<\/strong>, ogni prodotto dell&#8217;<strong>elenco prodotti salentini<\/strong> \u00e8 selezionato con cura per garantire la massima <strong>qualit\u00e0<\/strong>. Collaboriamo direttamente con <strong>produttori locali<\/strong> che condividono la nostra passione per i sapori autentici e la tradizione. Ogni articolo che trovate nel nostro <strong>catalogo<\/strong> \u00e8 il risultato di un processo produttivo rispettoso dell&#8217;ambiente e delle materie prime.<\/p>\n<p>La nostra missione \u00e8 offrirvi un <strong>viaggio culinario<\/strong> attraverso i sapori del Salento, permettendovi di scoprire e apprezzare la <strong>ricchezza gastronomica<\/strong> di questa meravigliosa terra. Che siate alla ricerca di un regalo speciale o vogliate semplicemente concedervi un momento di piacere, i nostri <strong>prodotti tipici salentini<\/strong> vi conquisteranno al primo assaggio.<\/p>\n","protected":false},"excerpt":{"rendered":"<p>Benvenuti su Salento con Gusto! Esplorate il nostro elenco prodotti salentini e scoprite una vasta gamma di vini pregiati, oli extra vergine di oliva, conserve artigianali e dolci tradizionali. Ogni prodotto \u00e8 selezionato per offrirvi il meglio della tradizione gastronomica pugliese. La nostra missione \u00e8 portarvi i sapori autentici del Salento, garantendo sempre qualit\u00e0 e autenticit\u00e0. Perfetti per un regalo speciale o per un momento di piacere.<\/p>\n","protected":false},"author":1,"featured_media":7699,"parent":0,"menu_order":0,"comment_status":"closed","ping_status":"closed","template":"","meta":{"footnotes":""},"class_list":["post-5718","page","type-page","status-publish","has-post-thumbnail","hentry"],"aioseo_notices":[],"_links":{"self":[{"href":"https:\/\/www.salentocongusto.com\/it\/wp-json\/wp\/v2\/pages\/5718","targetHints":{"allow":["GET"]}}],"collection":[{"href":"https:\/\/www.salentocongusto.com\/it\/wp-json\/wp\/v2\/pages"}],"about":[{"href":"https:\/\/www.salentocongusto.com\/it\/wp-json\/wp\/v2\/types\/page"}],"author":[{"embeddable":true,"href":"https:\/\/www.salentocongusto.com\/it\/wp-json\/wp\/v2\/users\/1"}],"replies":[{"embeddable":true,"href":"https:\/\/www.salentocongusto.com\/it\/wp-json\/wp\/v2\/comments?post=5718"}],"version-history":[{"count":4,"href":"https:\/\/www.salentocongusto.com\/it\/wp-json\/wp\/v2\/pages\/5718\/revisions"}],"predecessor-version":[{"id":8047,"href":"https:\/\/www.salentocongusto.com\/it\/wp-json\/wp\/v2\/pages\/5718\/revisions\/8047"}],"wp:featuredmedia":[{"embeddable":true,"href":"https:\/\/www.salentocongusto.com\/it\/wp-json\/wp\/v2\/media\/7699"}],"wp:attachment":[{"href":"https:\/\/www.salentocongusto.com\/it\/wp-json\/wp\/v2\/media?parent=5718"}],"curies":[{"name":"wp","href":"https:\/\/api.w.org\/{rel}","templated":true}]}}