{"id":5702,"date":"2023-02-02T15:46:58","date_gmt":"2023-02-02T14:46:58","guid":{"rendered":"https:\/\/www.salentocongusto.com\/?page_id=5702"},"modified":"2023-02-25T16:23:57","modified_gmt":"2023-02-25T15:23:57","slug":"cantele","status":"publish","type":"page","link":"https:\/\/www.salentocongusto.com\/it\/marchio\/cantele","title":{"rendered":"Cantele"},"content":{"rendered":"<p><em>A Guagnano in provincia di Lecce, ormai pi\u00f9 di 50 anni fa, inizia la storia della cantina\u00a0<strong>Cantele<\/strong>\u00a0con il nonno Giovanni, commerciante di vini salentini in Veneto. Oggi, l\u2019azienda \u00e8 ormai una delle cantine leader sul territorio salentino per la produzione di vini\u00a0<strong>Negroamaro<\/strong>\u00a0e\u00a0<strong>Primitivo<\/strong>. La cantina ospita al suo interno anche un \u201c<strong>laboratorio sinestetico<\/strong>\u201d per la ricerca di nuove identit\u00e0 olfattive e di gusto, da cui nascono alcuni dei vini pi\u00f9 famosi di Cantele come l\u2019<strong>Amativo<\/strong>, un blend fra Primitivo e Negroamaro e il\u00a0<strong>Rohesia<\/strong>\u00a0un Negroamaro rosato dal gusto intenso e rotondo.<\/em><\/p>\n<p>&nbsp;<\/p>\n<p>L&#8217;azienda vinicola Cantele vanta una storia che coinvolge pi\u00f9 e pi\u00f9 generazioni e che oggi lascia pi\u00f9 che mai il segno nel panorama enologico italiano con una gamma di etichette pi\u00f9 che mai variegata ed interessante. Una storia che lega a doppio filo nord e sud Italia, <strong>in uno storytelling romantico<\/strong> che sembra quasi la trama di un film. Il risultato di questa <strong>love story si chiama Teresa Manara<\/strong>, un&#8217;etichetta di pregio declinata in una gamma di vini tra i pi\u00f9 amati ed apprezzati sul mercato. Ma non solo. Cantele, oggi guidata dai nipoti di quella Teresa Manara che non \u00e8 un personaggio frutto di una mente propensa all&#8217;invenzione romanzesca ma una donna in carne ed ossa, propone un catalogo di vini assolutamente d&#8217;eccellenza, da vitigni Negroamaro, Primitivo, Chardonnay, Susumaniello.<\/p>\n<p>\t<a href=\"https:\/\/www.salentocongusto.com\/it\/prodotto\/alticelli-fiano\"><img decoding=\"async\" width=\"300\" height=\"300\" src=\"https:\/\/www.salentocongusto.com\/wp-content\/uploads\/2016\/07\/vino_alticelli_fiano-300x300.jpg\" alt=\"Vino Alticelli Fiano Bianco Cantele\" loading=\"lazy\"><\/p>\n<h3>Alticelli Fiano<\/h3>\n<p><\/a><br \/>\n\t<a href=\"https:\/\/www.salentocongusto.com\/it\/prodotto\/amativo-cantele\"><img decoding=\"async\" width=\"300\" height=\"300\" src=\"https:\/\/www.salentocongusto.com\/wp-content\/uploads\/2016\/07\/vini_amativo-300x300.jpg\" alt=\"Vino Amativo Cantele\" loading=\"lazy\"><\/p>\n<h3>Amativo Cantele<\/h3>\n<p><\/a><br \/>\n\t<a href=\"https:\/\/www.salentocongusto.com\/it\/prodotto\/chardonnay-cantele\"><img decoding=\"async\" width=\"300\" height=\"300\" src=\"https:\/\/www.salentocongusto.com\/wp-content\/uploads\/2016\/07\/vini_chardonnay-300x300.jpg\" alt=\"Vino bianco chardonnay Cantele\" loading=\"lazy\"><\/p>\n<h3>Chardonnay Cantele<\/h3>\n<p><\/a><br \/>\n\t<a href=\"https:\/\/www.salentocongusto.com\/it\/prodotto\/negroamaro-rosato-cantele\"><img decoding=\"async\" width=\"300\" height=\"300\" src=\"https:\/\/www.salentocongusto.com\/wp-content\/uploads\/2016\/07\/vini_rosato-300x300.jpg\" alt=\"Vino rosato Cantele\" loading=\"lazy\"><\/p>\n<h3>Negroamaro Rosato Cantele<\/h3>\n<p><\/a><br \/>\n\t<a href=\"https:\/\/www.salentocongusto.com\/it\/prodotto\/negroamaro-cantele\"><img decoding=\"async\" width=\"300\" height=\"300\" src=\"https:\/\/www.salentocongusto.com\/wp-content\/uploads\/2016\/07\/vino_negroamaro_rosso-300x300.jpg\" alt=\"Vino Negroamaro Rosso Cantele\" loading=\"lazy\"><\/p>\n<h3>Negroamaro Rosso Cantele<\/h3>\n<p><\/a><br \/>\n\t<a href=\"https:\/\/www.salentocongusto.com\/it\/prodotto\/primitivo-cantele\"><img decoding=\"async\" width=\"300\" height=\"300\" src=\"https:\/\/www.salentocongusto.com\/wp-content\/uploads\/2016\/07\/vino_primitivo-300x300.jpg\" alt=\"Vino Primitivo Rosso Cantele\" loading=\"lazy\"><\/p>\n<h3>Primitivo Cantele<\/h3>\n<p><\/a><br \/>\n\t<a href=\"https:\/\/www.salentocongusto.com\/it\/prodotto\/rohesia-cantele\"><img decoding=\"async\" width=\"300\" height=\"300\" src=\"https:\/\/www.salentocongusto.com\/wp-content\/uploads\/2016\/07\/vini_rohesia-300x300.jpg\" alt=\"Vino Negroamaro rosato Rohesia Cantele\" loading=\"lazy\"><\/p>\n<h3>Rohesia Cantele<\/h3>\n<p><\/a><br \/>\n\t<a href=\"https:\/\/www.salentocongusto.com\/it\/prodotto\/salice-salentino-cantele\"><img decoding=\"async\" width=\"300\" height=\"300\" src=\"https:\/\/www.salentocongusto.com\/wp-content\/uploads\/2016\/07\/vini_salice-300x300.jpg\" alt=\"Vino Salice Salentino DOC Riserva Cantele\" loading=\"lazy\"><\/p>\n<h3>Salice Salentino Cantele<\/h3>\n<p><\/a><br \/>\n\t<a href=\"https:\/\/www.salentocongusto.com\/it\/prodotto\/teresa-manara-bianco-cantele\"><img decoding=\"async\" width=\"300\" height=\"300\" src=\"https:\/\/www.salentocongusto.com\/wp-content\/uploads\/2016\/07\/vino_teresamanara_bianco-300x300.jpg\" alt=\"Vino Teresa Manara Bianco Cantele\" loading=\"lazy\"><\/p>\n<h3>Teresa Manara Bianco Cantele<\/h3>\n<p><\/a><br \/>\n\t<a href=\"https:\/\/www.salentocongusto.com\/it\/prodotto\/teresa-manara-rosso-cantele\"><img decoding=\"async\" width=\"300\" height=\"300\" src=\"https:\/\/www.salentocongusto.com\/wp-content\/uploads\/2016\/07\/vino_teresamanara_rosso-300x300.jpg\" alt=\"Vino Teresa Manara Rosso Cantele\" loading=\"lazy\"><\/p>\n<h3>Teresa Manara Rosso Cantele<\/h3>\n<p><\/a><br \/>\n\t<a href=\"https:\/\/www.salentocongusto.com\/it\/prodotto\/verdeca-cantele\"><img decoding=\"async\" width=\"300\" height=\"300\" src=\"https:\/\/www.salentocongusto.com\/wp-content\/uploads\/2016\/07\/vino_verdeca-300x300.jpg\" alt=\"Vino bianco Verdeca Cantele\" loading=\"lazy\"><\/p>\n<h3>Verdeca Cantele<\/h3>\n<p><\/a><\/p>\n","protected":false},"excerpt":{"rendered":"<p>A Guagnano in provincia di Lecce, ormai pi\u00f9 di 50 anni fa, inizia la storia della cantina\u00a0Cantele\u00a0con il nonno Giovanni,&hellip;<\/p>\n","protected":false},"author":1,"featured_media":2101,"parent":5698,"menu_order":0,"comment_status":"closed","ping_status":"closed","template":"","meta":{"footnotes":""},"class_list":["post-5702","page","type-page","status-publish","has-post-thumbnail","hentry"],"aioseo_notices":[],"_links":{"self":[{"href":"https:\/\/www.salentocongusto.com\/it\/wp-json\/wp\/v2\/pages\/5702","targetHints":{"allow":["GET"]}}],"collection":[{"href":"https:\/\/www.salentocongusto.com\/it\/wp-json\/wp\/v2\/pages"}],"about":[{"href":"https:\/\/www.salentocongusto.com\/it\/wp-json\/wp\/v2\/types\/page"}],"author":[{"embeddable":true,"href":"https:\/\/www.salentocongusto.com\/it\/wp-json\/wp\/v2\/users\/1"}],"replies":[{"embeddable":true,"href":"https:\/\/www.salentocongusto.com\/it\/wp-json\/wp\/v2\/comments?post=5702"}],"version-history":[{"count":0,"href":"https:\/\/www.salentocongusto.com\/it\/wp-json\/wp\/v2\/pages\/5702\/revisions"}],"up":[{"embeddable":true,"href":"https:\/\/www.salentocongusto.com\/it\/wp-json\/wp\/v2\/pages\/5698"}],"wp:featuredmedia":[{"embeddable":true,"href":"https:\/\/www.salentocongusto.com\/it\/wp-json\/wp\/v2\/media\/2101"}],"wp:attachment":[{"href":"https:\/\/www.salentocongusto.com\/it\/wp-json\/wp\/v2\/media?parent=5702"}],"curies":[{"name":"wp","href":"https:\/\/api.w.org\/{rel}","templated":true}]}}