{"id":5677,"date":"2023-02-02T15:28:11","date_gmt":"2023-02-02T14:28:11","guid":{"rendered":"https:\/\/www.salentocongusto.com\/?page_id=5677"},"modified":"2024-07-17T12:09:28","modified_gmt":"2024-07-17T10:09:28","slug":"pate-e-condimenti","status":"publish","type":"page","link":"https:\/\/www.salentocongusto.com\/it\/categoria-prodotto\/pate-e-condimenti","title":{"rendered":"Pat\u00e8 di olive e altri pat\u00e8 pugliesi"},"content":{"rendered":"<h2>Pat\u00e8 pugliesi: non solo pat\u00e8 di olive<\/h2>\n<p>Il pat\u00e9 di olive \u00e8 una specialit\u00e0 non solo pugliese, ma anche di altre regioni italiane dove si producono olive di ottima qualit\u00e0. Ci riferiamo dunque anche alle altre regioni che si affacciano sul bacino del Mediterraneo, ma anche alla Toscana, alla Liguria, che pur non essendo regioni tipicamente Mediterranee vantano una produzione olivicola di prim\u2019ordine. Tra i pat\u00e8 pugliesi, il pat\u00e8 di olive pugliese \u00e8 sicuramente uno tra i pi\u00f9 buoni in quanto si tratta di olive eccellenti lavorate delicatamente come si faceva un tempo. Per quanto riguarda il pat\u00e8 pugliese, ricetta antica in Puglia proprio in virt\u00f9 della straordinaria vocazione olivicola della regione, si tratta di un prodotto sempre ricavato da olive eccellenti, lavorate a maturazione ottenuta. Ma scopriamo assieme quali possono essere gli altri pat\u00e8 pugliesi di nostro gusto.<\/p>\n<h3>Pat\u00e8 pugliesi, ricetta antica, golosit\u00e0 moderna!<\/h3>\n<p>Come detto per quanto riguarda i pat\u00e8 pugliesi, la ricetta antica \u00e8 sempre la migliore. Sia che si tratti di pat\u00e8 di olive nere o verdi, sia che i protagonisti siano altri ortaggi, come nel caso del pat\u00e8 di cime di rapa, di peperoni, di pomodori secchi e via dicendo. E qual \u00e8 il segreto di questi prodotti tipici pugliesi? Quello di essere prodotti con ingredienti genuini, a km 0, senza l\u2019uso di macchine, proprio come si faceva una volta. Tanto amore, tanta pazienza, tanto tempo, e naturalmente tanto sapore perfetto da inserire nel tuo menu pugliese durante tutto l\u2019anno, assieme, perch\u00e8 no, ad altri prodotti sott\u2019olio pugliesi!<\/p>\n<div>   \n                    <h3 class=\"wppa-boxtitle\">\n                    Prodotti artigianali italiani                <\/h3>\n            <div class=\"wppa-container\">\n                        <div class=\"wppa-item\">\n                        <a href=\"https:\/\/shop.laterradipuglia.it\/it\/pate\/647-647-pate-di-olive-celline-8053689160222.html#?utm_source=salentocongusto.com&utm_medium=correlati-shop&utm_campaign=prodotti\" target=\"_blank\" rel=\"nofollow noopener\">\n                            <span class=\"wppa-image\">\n                                <img decoding=\"async\" src=\"http:\/\/shop.laterradipuglia.it\/2286-large_default\/pate-di-olive-celline.jpg\" alt=\"\" title=\"Pat\u00e8 di olive nere celline\"\/>\n                                <div class=\"wppa-price\">4.4 EUR<\/div>\n                            <\/span>\n                            <span class=\"wppa-title\">\n                                Pat\u00e8 di olive nere celline                            <\/span>\n                        <\/a>\n                    <\/div>\n                        <div class=\"wppa-item\">\n                        <a href=\"https:\/\/shop.laterradipuglia.it\/it\/pate\/634-634-pate-di-olive-leccine-8053689160215.html#?utm_source=salentocongusto.com&utm_medium=correlati-shop&utm_campaign=prodotti\" target=\"_blank\" rel=\"nofollow noopener\">\n                            <span class=\"wppa-image\">\n                                <img decoding=\"async\" src=\"http:\/\/shop.laterradipuglia.it\/2258-large_default\/pate-di-olive-leccine.jpg\" alt=\"\" title=\"Pat\u00e8 di olive leccine\"\/>\n                                <div class=\"wppa-price\">4.4 EUR<\/div>\n                            <\/span>\n                            <span class=\"wppa-title\">\n                                Pat\u00e8 di olive leccine                            <\/span>\n                        <\/a>\n                    <\/div>\n                        <div class=\"wppa-item\">\n                        <a href=\"https:\/\/shop.laterradipuglia.it\/it\/olive-pugliesi\/443-443-olive-termite-di-bitetto-8053689160765.html#?utm_source=salentocongusto.com&utm_medium=correlati-shop&utm_campaign=prodotti\" target=\"_blank\" rel=\"nofollow noopener\">\n                            <span class=\"wppa-image\">\n                                <img decoding=\"async\" src=\"http:\/\/shop.laterradipuglia.it\/3186-large_default\/olive-termite-di-bitetto.jpg\" alt=\"\" title=\"Olive Termite di Bitetto\"\/>\n                                <div class=\"wppa-price\">4.79 EUR<\/div>\n                            <\/span>\n                            <span class=\"wppa-title\">\n                                Olive Termite di Bitetto                            <\/span>\n                        <\/a>\n                    <\/div>\n                        <div class=\"wppa-item\">\n                        <a href=\"https:\/\/shop.laterradipuglia.it\/it\/marmellate-e-confetture\/719-719-confettura-di-ciliegie-pugliesi-8053689160161.html#?utm_source=salentocongusto.com&utm_medium=correlati-shop&utm_campaign=prodotti\" target=\"_blank\" rel=\"nofollow noopener\">\n                            <span class=\"wppa-image\">\n                                <img decoding=\"async\" src=\"http:\/\/shop.laterradipuglia.it\/2500-large_default\/confettura-di-ciliegie-pugliesi.jpg\" alt=\"\" title=\"Confettura di ciliegie pugliesi\"\/>\n                                <div class=\"wppa-price\">4.8 EUR<\/div>\n                            <\/span>\n                            <span class=\"wppa-title\">\n                                Confettura di ciliegie pugliesi                            <\/span>\n                        <\/a>\n                    <\/div>\n            <\/div>\n    <\/div>","protected":false},"excerpt":{"rendered":"<p>Pat\u00e8 pugliesi: non solo pat\u00e8 di olive Il pat\u00e9 di olive \u00e8 una specialit\u00e0 non solo pugliese, ma anche di&hellip;<\/p>\n","protected":false},"author":1,"featured_media":4236,"parent":5667,"menu_order":0,"comment_status":"closed","ping_status":"closed","template":"","meta":{"footnotes":""},"class_list":["post-5677","page","type-page","status-publish","has-post-thumbnail","hentry"],"aioseo_notices":[],"_links":{"self":[{"href":"https:\/\/www.salentocongusto.com\/it\/wp-json\/wp\/v2\/pages\/5677","targetHints":{"allow":["GET"]}}],"collection":[{"href":"https:\/\/www.salentocongusto.com\/it\/wp-json\/wp\/v2\/pages"}],"about":[{"href":"https:\/\/www.salentocongusto.com\/it\/wp-json\/wp\/v2\/types\/page"}],"author":[{"embeddable":true,"href":"https:\/\/www.salentocongusto.com\/it\/wp-json\/wp\/v2\/users\/1"}],"replies":[{"embeddable":true,"href":"https:\/\/www.salentocongusto.com\/it\/wp-json\/wp\/v2\/comments?post=5677"}],"version-history":[{"count":1,"href":"https:\/\/www.salentocongusto.com\/it\/wp-json\/wp\/v2\/pages\/5677\/revisions"}],"predecessor-version":[{"id":8110,"href":"https:\/\/www.salentocongusto.com\/it\/wp-json\/wp\/v2\/pages\/5677\/revisions\/8110"}],"up":[{"embeddable":true,"href":"https:\/\/www.salentocongusto.com\/it\/wp-json\/wp\/v2\/pages\/5667"}],"wp:featuredmedia":[{"embeddable":true,"href":"https:\/\/www.salentocongusto.com\/it\/wp-json\/wp\/v2\/media\/4236"}],"wp:attachment":[{"href":"https:\/\/www.salentocongusto.com\/it\/wp-json\/wp\/v2\/media?parent=5677"}],"curies":[{"name":"wp","href":"https:\/\/api.w.org\/{rel}","templated":true}]}}