{"id":5673,"date":"2023-02-02T15:27:08","date_gmt":"2023-02-02T14:27:08","guid":{"rendered":"https:\/\/www.salentocongusto.com\/?page_id=5673"},"modified":"2025-03-31T10:33:56","modified_gmt":"2025-03-31T08:33:56","slug":"prodotti-tipici-pugliesi","status":"publish","type":"page","link":"https:\/\/www.salentocongusto.com\/it\/categoria-prodotto\/prodotti-tipici-pugliesi","title":{"rendered":"Prodotti tipici pugliesi in olio, in salamoia, sottosale"},"content":{"rendered":"<h2>I prodotti tipici pugliesi: un viaggio nei sapori autentici della Puglia<\/h2>\n<p>I <strong>prodotti tipici pugliesi<\/strong> raccontano la storia di una terra generosa, ricca di tradizioni e sapori autentici. La Puglia, con il suo clima mediterraneo e il suo legame profondo con la terra, offre una variet\u00e0 straordinaria di prodotti gastronomici che conquistano per semplicit\u00e0 e genuinit\u00e0. Dai <strong>taralli<\/strong> all\u2019<strong>olio extravergine d\u2019oliva<\/strong>, passando per le <strong>passate di pomodoro<\/strong>, i <strong>legumi<\/strong> locali, i <strong>formaggi<\/strong>, le <strong>conserve<\/strong> e i <strong>dolci tradizionali<\/strong>, i <a href=\"https:\/\/shop.laterradipuglia.it\/it\/\"><strong>prodotti tipici della Puglia<\/strong><\/a> sono il cuore della cucina regionale e rappresentano una vera e propria esperienza sensoriale.<\/p>\n<p>Scoprire i <strong>prodotti di Puglia<\/strong> significa immergersi in un mondo fatto di tradizione contadina, di mani esperte, di sapori antichi mai dimenticati. Ogni prodotto nasce da materie prime locali, coltivate e lavorate con cura, spesso secondo metodi artigianali che rispettano i tempi della natura. Ecco perch\u00e9 i <strong>prodotti alimentari pugliesi<\/strong> sono tra i pi\u00f9 apprezzati in Italia e nel mondo.<\/p>\n<h3>Un catalogo ricco di prodotti tipici pugliesi autentici<\/h3>\n<p>Il nostro assortimento \u00e8 pensato per farti conoscere e apprezzare tutto il meglio dei <strong>prodotti tradizionali pugliesi<\/strong>. Troverai un vero e proprio <strong>elenco di prodotti tipici pugliesi<\/strong>, accuratamente selezionati per offrire qualit\u00e0, gusto e autenticit\u00e0. Dalle specialit\u00e0 salentine ai prodotti del Gargano, ogni angolo della regione \u00e8 rappresentato attraverso sapori unici.<\/p>\n<p>Tra i <strong>prodotti tipici di Puglia<\/strong> pi\u00f9 amati ci sono i taralli, disponibili in diverse varianti, le friselle, ideali da gustare con olio e pomodorini, le conserve di ortaggi, le olive, i sughi pronti, i sottoli e i pat\u00e9. Non mancano i dolci tipici pugliesi, come le cartellate e i mostaccioli, perfetti per le festivit\u00e0 ma deliziosi in ogni momento dell\u2019anno.<\/p>\n<p>Se ti sei mai chiesto <strong>quali sono i prodotti tipici pugliesi<\/strong>, nel nostro shop troverai tutte le risposte: un\u2019ampia gamma di articoli genuini e locali, selezionati con passione per farti vivere il meglio della gastronomia regionale. I <strong>tipici di Puglia<\/strong> sono un patrimonio da valorizzare, da assaporare e da raccontare, perch\u00e9 racchiudono la vera essenza della nostra terra.<\/p>\n<h3>Perch\u00e9 scegliere i nostri prodotti della Puglia<\/h3>\n<div>   \n                    <h3 class=\"wppa-boxtitle\">\n                    Prodotti artigianali italiani                <\/h3>\n            <div class=\"wppa-container\">\n                        <div class=\"wppa-item\">\n                        <a href=\"https:\/\/shop.laterradipuglia.it\/it\/soleggiati\/13-13-pomodori-ciliegini-sott-olio-essiccati-al-sole-8053689160833.html#?utm_source=salentocongusto.com&amp;utm_medium=correlati-shop&amp;utm_campaign=prodotti\" target=\"_blank\" rel=\"nofollow noopener\">\n                            <span class=\"wppa-image\">\n                                <img decoding=\"async\" src=\"http:\/\/shop.laterradipuglia.it\/3093-large_default\/pomodori-ciliegini-sott-olio-essiccati-al-sole.jpg\" alt=\"\" title=\"Pomodori ciliegini sott'olio essiccati al sole\">\n                                <div class=\"wppa-price\">6.96 EUR<\/div>\n                            <\/span>\n                            <span class=\"wppa-title\">\n                                Pomodori ciliegini sott'olio essiccati al sole                            <\/span>\n                        <\/a>\n                    <\/div>\n                        <div class=\"wppa-item\">\n                        <a href=\"https:\/\/shop.laterradipuglia.it\/it\/soleggiati\/6-6-pomodori-secchi-al-sole-sott-olio-8053689160390.html#?utm_source=salentocongusto.com&amp;utm_medium=correlati-shop&amp;utm_campaign=prodotti\" target=\"_blank\" rel=\"nofollow noopener\">\n                            <span class=\"wppa-image\">\n                                <img decoding=\"async\" src=\"http:\/\/shop.laterradipuglia.it\/2519-large_default\/pomodori-secchi-al-sole-sott-olio.jpg\" alt=\"\" title=\"Pomodori secchi al sole sott'olio\">\n                                <div class=\"wppa-price\">6.9 EUR<\/div>\n                            <\/span>\n                            <span class=\"wppa-title\">\n                                Pomodori secchi al sole sott'olio                            <\/span>\n                        <\/a>\n                    <\/div>\n                        <div class=\"wppa-item\">\n                        <a href=\"https:\/\/shop.laterradipuglia.it\/it\/idee-regalo-con-ricetta\/672-672-scatola-regalo-con-prodotti-tipici-dalla-puglia.html#?utm_source=salentocongusto.com&amp;utm_medium=correlati-shop&amp;utm_campaign=prodotti\" target=\"_blank\" rel=\"nofollow noopener\">\n                            <span class=\"wppa-image\">\n                                <img decoding=\"async\" src=\"http:\/\/shop.laterradipuglia.it\/3044-large_default\/scatola-regalo-con-prodotti-tipici-dalla-puglia.jpg\" alt=\"\" title=\"Scatola regalo con prodotti tipici dalla Puglia\">\n                                <div class=\"wppa-price\">28.4 EUR<\/div>\n                            <\/span>\n                            <span class=\"wppa-title\">\n                                Scatola regalo con prodotti tipici dalla Puglia                            <\/span>\n                        <\/a>\n                    <\/div>\n                        <div class=\"wppa-item\">\n                        <a href=\"https:\/\/shop.laterradipuglia.it\/it\/pomi-e-portafortuna\/149-149-pumo-in-ceramica-grottaglie.html#?utm_source=salentocongusto.com&amp;utm_medium=correlati-shop&amp;utm_campaign=prodotti\" target=\"_blank\" rel=\"nofollow noopener\">\n                            <span class=\"wppa-image\">\n                                <img decoding=\"async\" src=\"http:\/\/shop.laterradipuglia.it\/2222-large_default\/pumo-in-ceramica-grottaglie.jpg\" alt=\"\" title=\"Pumo pugliese artigianale\">\n                                <div class=\"wppa-price\">9.8 EUR<\/div>\n                            <\/span>\n                            <span class=\"wppa-title\">\n                                Pumo pugliese artigianale                            <\/span>\n                        <\/a>\n                    <\/div>\n            <\/div>\n    <\/div><p>Scegliere i nostri <strong>prodotti pugliesi tipici<\/strong> significa affidarsi a un lavoro di selezione accurata, a contatto diretto con piccoli produttori e aziende locali. Ogni <strong>prodotto tipico pugliese<\/strong> \u00e8 realizzato seguendo metodi artigianali e rispecchia le ricette tramandate nel tempo, senza compromessi sulla qualit\u00e0. Proponiamo solo articoli che noi stessi porteremmo sulle nostre tavole, con la certezza di offrire ai clienti il meglio della produzione pugliese.<\/p>\n<p>La nostra filosofia \u00e8 semplice: vogliamo diffondere la cultura gastronomica della Puglia attraverso prodotti buoni, sani e autentici. Collaboriamo solo con chi lavora nel rispetto della terra, con passione e coerenza. Per questo motivo i nostri <strong>prodotti tipici pugliese<\/strong> sono il frutto di una filiera controllata, spesso a km zero, dove il valore umano e il sapere antico si uniscono per dare vita a eccellenze riconosciute.<\/p>\n<p>Inoltre, l\u2019intero <strong>elenco prodotti tipici pugliesi<\/strong> che ti proponiamo viene aggiornato regolarmente per includere le novit\u00e0 di stagione e le nuove produzioni artigianali. Che tu stia cercando un ingrediente speciale o un\u2019idea regalo, i nostri <strong>prodotti alimentari tipici pugliesi<\/strong> sono la risposta giusta per portare in tavola un pezzo di Puglia.<\/p>\n<h4>Ordina i prodotti pugliesi con un click<\/h4>\n<p>Acquistare i migliori <strong>prodotti puglia<\/strong> \u00e8 semplice grazie al nostro shop online. Con pochi click puoi ordinare comodamente da casa tua una selezione dei <strong>tipici pugliesi<\/strong> pi\u00f9 apprezzati, con consegna sicura in tutta Italia. Ci impegniamo ogni giorno per garantire un servizio puntuale, con imballaggi curati e attenzione al dettaglio.<\/p>\n<p>Offriamo un\u2019esperienza d\u2019acquisto pensata per chi ama la buona cucina e vuole riscoprire i <strong>prodotti della Puglia<\/strong> in tutta la loro bont\u00e0. Dalla colazione alla cena, dai momenti in famiglia ai pranzi speciali, c\u2019\u00e8 sempre un <strong>prodotto tipico di Puglia<\/strong> perfetto per ogni occasione. E se non sai cosa scegliere, il nostro <strong><a href=\"https:\/\/www.laterradipuglia.it\/gastronomia\/i-sapori-di-puglia\/elenco-dei-prodotti-tipici-pugliesi\">elenco di prodotti tipici<\/a> pugliesi<\/strong> ti aiuter\u00e0 a orientarti tra sapori, tradizioni e nuove scoperte.<\/p>\n<p>Scegliere i <strong>prodotti alimentari pugliesi<\/strong> vuol dire scegliere la qualit\u00e0, la semplicit\u00e0 e la verit\u00e0 di una cucina senza tempo. Scoprili tutti e lasciati conquistare dalla bont\u00e0 autentica del Sud.<\/p>\n","protected":false},"excerpt":{"rendered":"<p>Esplora l\u2019autenticit\u00e0 dei prodotti tipici della Puglia: un viaggio tra sapori tradizionali, ingredienti genuini e specialit\u00e0 locali selezionate con cura. Dal tarallo all\u2019olio extravergine, dalle conserve ai dolci regionali, il nostro assortimento ti offre un vero e proprio elenco dei migliori prodotti tipici pugliesi. Ordina online e porta sulla tua tavola l\u2019eccellenza della gastronomia pugliese.<\/p>\n","protected":false},"author":1,"featured_media":4861,"parent":5667,"menu_order":0,"comment_status":"closed","ping_status":"closed","template":"","meta":{"footnotes":""},"class_list":["post-5673","page","type-page","status-publish","has-post-thumbnail","hentry"],"aioseo_notices":[],"_links":{"self":[{"href":"https:\/\/www.salentocongusto.com\/it\/wp-json\/wp\/v2\/pages\/5673","targetHints":{"allow":["GET"]}}],"collection":[{"href":"https:\/\/www.salentocongusto.com\/it\/wp-json\/wp\/v2\/pages"}],"about":[{"href":"https:\/\/www.salentocongusto.com\/it\/wp-json\/wp\/v2\/types\/page"}],"author":[{"embeddable":true,"href":"https:\/\/www.salentocongusto.com\/it\/wp-json\/wp\/v2\/users\/1"}],"replies":[{"embeddable":true,"href":"https:\/\/www.salentocongusto.com\/it\/wp-json\/wp\/v2\/comments?post=5673"}],"version-history":[{"count":4,"href":"https:\/\/www.salentocongusto.com\/it\/wp-json\/wp\/v2\/pages\/5673\/revisions"}],"predecessor-version":[{"id":8336,"href":"https:\/\/www.salentocongusto.com\/it\/wp-json\/wp\/v2\/pages\/5673\/revisions\/8336"}],"up":[{"embeddable":true,"href":"https:\/\/www.salentocongusto.com\/it\/wp-json\/wp\/v2\/pages\/5667"}],"wp:featuredmedia":[{"embeddable":true,"href":"https:\/\/www.salentocongusto.com\/it\/wp-json\/wp\/v2\/media\/4861"}],"wp:attachment":[{"href":"https:\/\/www.salentocongusto.com\/it\/wp-json\/wp\/v2\/media?parent=5673"}],"curies":[{"name":"wp","href":"https:\/\/api.w.org\/{rel}","templated":true}]}}