{"id":3918,"date":"2021-05-08T18:07:21","date_gmt":"2021-05-08T16:07:21","guid":{"rendered":"https:\/\/www.salentocongusto.com\/?page_id=3918"},"modified":"2024-06-15T13:08:25","modified_gmt":"2024-06-15T11:08:25","slug":"le-pittule-salentine","status":"publish","type":"page","link":"https:\/\/www.salentocongusto.com\/it\/ricette-tipiche-salentine\/le-pittule-salentine","title":{"rendered":"Le pittule salentine"},"content":{"rendered":"<h3>Ricetta delle <strong>Pittule<\/strong><\/h3>\n<p><strong>Le pittule<\/strong>, conosciute anche come &#8220;<strong>pittule<\/strong>&#8220;, rappresentano un piatto tradizionale della cucina pugliese che incanta per la sua semplicit\u00e0 e gusto unico. <strong>L&#8217;impasto per pittule<\/strong> \u00e8 essenziale per ottenere la consistenza perfetta: una combinazione di farina di grano duro, lievito di birra, acqua e un pizzico di sale. <strong>La ricetta delle pittule<\/strong> prevede di formare delle palline di impasto e friggerle in olio bollente fino a doratura. Servite calde, <strong>le pittule<\/strong> sono un&#8217;esplosione di sapore che si sposa alla perfezione con un buon vino locale. Sia che si scelga di accompagnare con formaggi freschi o salumi tipici, <strong>le pittule<\/strong> rimangono un&#8217;icona della gastronomia salentina.<\/p>\n<h3><strong>Pittule<\/strong>: Una Tradizione Gustosa<\/h3>\n<p>Tra le varie <strong>ricette delle pittule<\/strong>, quella classica prevede un impasto semplice ma versatile. <strong>La pittule ricetta<\/strong> ideale si arricchisce talvolta con l&#8217;aggiunta di ingredienti come patate lessate schiacciate o cipolla tritata, per un tocco extra di sapore. Nella preparazione delle <strong>pittule<\/strong>, \u00e8 fondamentale raggiungere la consistenza giusta dell&#8217;impasto e friggere a temperatura controllata per ottenere una croccantezza perfetta. <strong>Le ricette pittule<\/strong> si adattano ai gusti personali, permettendo variazioni creative senza perdere l&#8217;autenticit\u00e0 della tradizione. <strong>Le pittule<\/strong> sono il simbolo di un&#8217;arte culinaria che celebra la semplicit\u00e0 e l&#8217;amore per il cibo genuino.<\/p>\n<p><img loading=\"lazy\" decoding=\"async\" class=\"size-full wp-image-3631 aligncenter\" src=\"https:\/\/www.salentocongusto.com\/wp-content\/uploads\/2021\/04\/pittule-salentine.jpeg\" alt=\"Pittule salentine\" width=\"1000\" height=\"563\" srcset=\"https:\/\/www.salentocongusto.com\/it\/wp-content\/uploads\/2021\/04\/pittule-salentine.jpeg 1000w, https:\/\/www.salentocongusto.com\/it\/wp-content\/uploads\/2021\/04\/pittule-salentine-300x169.jpeg 300w, https:\/\/www.salentocongusto.com\/it\/wp-content\/uploads\/2021\/04\/pittule-salentine-768x432.jpeg 768w, https:\/\/www.salentocongusto.com\/it\/wp-content\/uploads\/2021\/04\/pittule-salentine-53x30.jpeg 53w, https:\/\/www.salentocongusto.com\/it\/wp-content\/uploads\/2021\/04\/pittule-salentine-720x405.jpeg 720w, https:\/\/www.salentocongusto.com\/it\/wp-content\/uploads\/2021\/04\/pittule-salentine-600x338.jpeg 600w\" sizes=\"auto, (max-width: 1000px) 100vw, 1000px\" \/><\/p>\n<p>Le \u201cPittule\u201d sono delle piccole palline di pasta lievitata, fritte in abbondante olio di oliva e rappresentano una delle tradizioni gastronomiche pi\u00f9 famose della Puglia. L\u2019impasto base \u00e8 molto semplice acqua, farina e lievito di birra ma con un p\u00f2 di fantasia si pu\u00f2 arricchire in mille modi diversi. Il segreto per delle buone pittule \u00e8, ovviamente, nell\u2019impasto che deve risultare abbastanza molle e appiccicoso.<\/p>\n<h3><strong>INGREDIENTI (per 45 \u2013 50 pettole):<\/strong><\/h3>\n<ul>\n<li>500g\u00a0di farina 00<\/li>\n<li>12g\u00a0di lievito di birra<\/li>\n<li>sale grosso mezzo cucchiaio<\/li>\n<li>375ml di acqua tiepida<\/li>\n<li>condimenti vari q.b.<\/li>\n<\/ul>\n<h3><strong>PROCEDIMENTO:<\/strong><\/h3>\n<p>Per preparare le pittule, setacciare la farina in una ciotola, fare al centro una fontana e scioglierci il lievito di birra con poca acqua tiepida. Nell\u2019acqua rimanente sciogliere il sale grosso e versarla a filo, poco alla volta, sulla farina. Amalgamare con le mani fino ad ottenere un impasto molto morbido e colloso, se necessario aggiungere altra acqua. L\u2019impasto ottenuto va subito messo in una ciotola, coperta da un foglio di pellicola, a lievitare in forno spento con la luce accesa per circa 2 ore.<\/p>\n<p>Quando l\u2019impasto avr\u00e0 raddoppiato il suo volume, predisporre sul fuoco una pentola capiente con abbondante olio di oliva per friggere le pittule. Appena l\u2019olio avr\u00e0 raggiunto i 180\u00b0 (utilizzare un termometro per misurare la giusta temperatura), con un cucchiaio prelevare poco impasto alla volta, bagnare un dito in poca acqua e fare scivolare dal cucchiaio la pallina di impasto direttamente nell\u2019olio, in modo da creare i caratteristici gambi.<\/p>\n<p>Le pittule devono essere belle dorate da entrambi i lati, quindi in cottura giratele con una pinza. Toglierle dall\u2019olio e farle scolare su carta assorbente. Buon appetito!<\/p>\n","protected":false},"excerpt":{"rendered":"<p>Ricetta delle Pittule Le pittule, conosciute anche come &#8220;pittule&#8220;, rappresentano un piatto tradizionale della cucina pugliese che incanta per la&hellip;<\/p>\n","protected":false},"author":2,"featured_media":3631,"parent":1095,"menu_order":0,"comment_status":"closed","ping_status":"closed","template":"","meta":{"footnotes":""},"class_list":["post-3918","page","type-page","status-publish","has-post-thumbnail","hentry"],"aioseo_notices":[],"_links":{"self":[{"href":"https:\/\/www.salentocongusto.com\/it\/wp-json\/wp\/v2\/pages\/3918","targetHints":{"allow":["GET"]}}],"collection":[{"href":"https:\/\/www.salentocongusto.com\/it\/wp-json\/wp\/v2\/pages"}],"about":[{"href":"https:\/\/www.salentocongusto.com\/it\/wp-json\/wp\/v2\/types\/page"}],"author":[{"embeddable":true,"href":"https:\/\/www.salentocongusto.com\/it\/wp-json\/wp\/v2\/users\/2"}],"replies":[{"embeddable":true,"href":"https:\/\/www.salentocongusto.com\/it\/wp-json\/wp\/v2\/comments?post=3918"}],"version-history":[{"count":2,"href":"https:\/\/www.salentocongusto.com\/it\/wp-json\/wp\/v2\/pages\/3918\/revisions"}],"predecessor-version":[{"id":7798,"href":"https:\/\/www.salentocongusto.com\/it\/wp-json\/wp\/v2\/pages\/3918\/revisions\/7798"}],"up":[{"embeddable":true,"href":"https:\/\/www.salentocongusto.com\/it\/wp-json\/wp\/v2\/pages\/1095"}],"wp:featuredmedia":[{"embeddable":true,"href":"https:\/\/www.salentocongusto.com\/it\/wp-json\/wp\/v2\/media\/3631"}],"wp:attachment":[{"href":"https:\/\/www.salentocongusto.com\/it\/wp-json\/wp\/v2\/media?parent=3918"}],"curies":[{"name":"wp","href":"https:\/\/api.w.org\/{rel}","templated":true}]}}