{"id":3093,"date":"2015-09-02T11:54:26","date_gmt":"2015-09-02T11:54:26","guid":{"rendered":"http:\/\/demo2.transvelo.in\/unicase\/?page_id=12"},"modified":"2024-07-08T13:00:26","modified_gmt":"2024-07-08T11:00:26","slug":"guida-all-acquisto","status":"publish","type":"page","link":"https:\/\/www.salentocongusto.com\/it\/guida-all-acquisto","title":{"rendered":"Guida all&#8217;acquisto prodotti tipici"},"content":{"rendered":"<h2>Guida all&#8217;acquisto dei prodotti tipici salentini: consigli utili<\/h2>\n<p>Hai voglia di prodotti tipici salentini ma non sai come orientarti nella scelta. Ti diamo noi qualche consiglio utile in questa guida all&#8217;acquisto dei prodotti tipici del Salento. Vediamo insieme cosa acquistare, cosa prediligere, come e perch\u00e8.<\/p>\n<h3>Snack e antipasti: i taralli del Salento<\/h3>\n<p>Il primo consiglio che ti diamo in questa guida all&#8217;acquisto dei prodotti tipici salentini \u00e8 quello di rifornire la tua dispensa di snack tipici salentini. Ovviamente ci riferiamo ai taralli. I<strong> taralli e tarallini del Salento<\/strong> sono sfiziosi e divertenti e possono accompagnare le tue giornate in modo sano e leggero. Si possono portare a scuola, al lavoro, in viaggio, in gita.<\/p>\n<p><img loading=\"lazy\" decoding=\"async\" class=\"alignnone size-large wp-image-6925\" src=\"https:\/\/www.salentocongusto.com\/it\/wp-content\/uploads\/2023\/03\/taralli-pomodori-secchi-1024x640.jpg\" alt=\"Taralli ai pomodori secchi\" width=\"1024\" height=\"640\" srcset=\"https:\/\/www.salentocongusto.com\/it\/wp-content\/uploads\/2023\/03\/taralli-pomodori-secchi-1024x640.jpg 1024w, https:\/\/www.salentocongusto.com\/it\/wp-content\/uploads\/2023\/03\/taralli-pomodori-secchi-300x188.jpg 300w, https:\/\/www.salentocongusto.com\/it\/wp-content\/uploads\/2023\/03\/taralli-pomodori-secchi-768x480.jpg 768w, https:\/\/www.salentocongusto.com\/it\/wp-content\/uploads\/2023\/03\/taralli-pomodori-secchi.jpg 1280w\" sizes=\"auto, (max-width: 1024px) 100vw, 1024px\" \/><\/p>\n<h3>Pasta nei formati tipici della tradizione<\/h3>\n<p>Proseguiamo con la nostra guida all&#8217;acquisto dei prodotti tipici salentini consigliandovi di acquistare della pasta nei formati della tradizione. La pasta \u00e8 onnipresente nella dieta mediterranea, e comprarla di buona qualit\u00e0 \u00e8 sempre una scelta buona. Rispetto alla pasta che compri nei supermercati, quella tipica pugliese \u00e8 spesso preparata con farine sane, a km0, e con un basso apporto glutinico. Tutta salute, meno gonfiore addominale e pi\u00f9 sapore. Largo quindi alle orecchiette, alle sagne incannulate, ai maccheroni, nelle farine di orzo, <strong>Senatore Cappelli<\/strong>, integrale o altre.<\/p>\n<h3>Passata di pomodoro del Salento e sughi pronti<\/h3>\n<p>Abbiamo parlato di pasta e non possiamo non menzionare le straordinarie passate. La passata di pomodoro del Salento \u00e8 davvero una istituzione in questo piccolo angolo di Puglia. Le famiglie da sempre si riuniscono in piena estate per preparare la passata fatta in casa! Fai una buona scorta: le passate durano a lungo in dispensa e non dovrai ordinarle nuovamente troppo spesso. Prova la <strong>passata di pomodoro datterino, la passata di pomodoro fiaschetto,<\/strong> e tutte le tipologie che trovi. Scoprirai che alcune tipologie ti sono pi\u00f9 congeniali per la pizza, altre per la pasta, e via dicendo.<\/p>\n<p><a href=\"https:\/\/shop.laterradipuglia.it\/it\/12-passate-e-sughi\"><img loading=\"lazy\" decoding=\"async\" class=\"aligncenter wp-image-6063 size-large\" src=\"https:\/\/www.salentocongusto.com\/it\/wp-content\/uploads\/2023\/02\/passate-IT-1024x467.jpg\" alt=\"Prodotti tipici salentini\" width=\"1024\" height=\"467\" srcset=\"https:\/\/www.salentocongusto.com\/it\/wp-content\/uploads\/2023\/02\/passate-IT-1024x467.jpg 1024w, https:\/\/www.salentocongusto.com\/it\/wp-content\/uploads\/2023\/02\/passate-IT-300x137.jpg 300w, https:\/\/www.salentocongusto.com\/it\/wp-content\/uploads\/2023\/02\/passate-IT-768x350.jpg 768w, https:\/\/www.salentocongusto.com\/it\/wp-content\/uploads\/2023\/02\/passate-IT-1536x700.jpg 1536w, https:\/\/www.salentocongusto.com\/it\/wp-content\/uploads\/2023\/02\/passate-IT.jpg 1920w\" sizes=\"auto, (max-width: 1024px) 100vw, 1024px\" \/><\/a><\/p>\n<p>Non disdegnare anche<strong> i sughi pronti del Salento:<\/strong> sono sempre di ottima qualit\u00e0 e non hanno nulla a che vedere con i sughi commerciali. Quelli di pesce sono davvero super, spesso preparati con pesce locale.<\/p>\n\n<h3>Olio pugliese: immancabile<\/h3>\n<p>Immancabile poi del buon <strong>olio pugliese<\/strong> in dispensa, meglio ancora se del Salento. Anche nel caso dell&#8217;olio, ci sono diverse tipologie: quelle prodotte da singoli cultivar, e i cosiddetti blend. Provane diversi e trova l&#8217;olio migliore per tutta la famiglia. Ricorda: pi\u00f9 l&#8217;olio \u00e8 buono, e pi\u00f9 conviene usarlo a crudo. Sar\u00e0 un ottimo aiuto anche per pulire le arterie e fare il pieno di antiossidanti. Peraltro, in commercio vi sono eccellenti oli di oliva biologici: sanissimi ed eccellenti!<\/p>\n<p>&nbsp;<\/p>\n<h3>Rifornire la cantina con i vini del Salento RE dei Prodotti tipici salentini<\/h3>\n<p>La guida all&#8217;acquisto dei prodotti tipici salentini include ovviamente anche i <strong>vini del Salento.<\/strong> In Salento vi sono innumerevoli cantine che producono, annata dopo annata, innumerevoli vini interessantissimi, sia da tavola che di grande pregio e per le grandi occasioni. Qualche bottiglia in dispensa non deve mancare.<\/p>\n<h3>Dolci del Salento, la coccola che non deve mai mancare<\/h3>\n<p>Terminiamo i nostri consigli per gli acquisti consigliandoti di fare scorta di dolci del Salento: <a href=\"https:\/\/www.salentocongusto.com\/it\/taralli-dolci-del-salento-ecco-i-piu-buoni.htm\">taralli dolci<\/a>, mustaccere, biscottini fatti in casa e paste di mandorle accontentano sempre tutti. Potrai aprire un pacchetto in occasione di un caff\u00e8 i compagnia, per un dopopasto speciale o anche la mattina per colazione.<\/p>\n\n<!-- NOTE: If you need to make changes to this file, copy it to your current theme's main\n\tdirectory so your changes won't be overwritten when the plugin is upgraded. -->\n\n<!-- Post Wrap Start-->\n<div class=\"post hentry ivycat-post\">\n\n\t<!-- \tThis outputs the post TITLE -->\n\t<h2 class=\"entry-title\"><a href=\"https:\/\/www.salentocongusto.com\/it\/friselle-pugliesi-gusto-autentico-pugliese-dopo-estate.htm\">Friselle pugliesi, gusto autentico pugliese anche dopo l&#8217;estate<\/a><\/h2>\n\n\t<!-- \tThis outputs the post EXCERPT.  To display full content including images and html,\n\t\treplace the_excerpt(); with the_content();  below. -->\n\t<div class=\"entry-summary\">\n\t\t<p>Le frise del Salento o friselle pugliesi sono un cibo prelibato da portare in tavola tutto l&#8217;anno, non solo l&#8217;estate. Come? Ve lo spieghiamo noi in questo breve articolo in collaborazione con LaTerradiPuglia shop online di prodotti tipici pugliesi.<\/p>\n\t<\/div>\n\n\t<!--\tThis outputs the post META information -->\n\t<div class=\"entry-utility\">\n\t\t\t\t\t<span class=\"cat-links\">\n\t\t\t\t<span class=\"entry-utility-prep entry-utility-prep-cat-links\">Posted in<\/span> <a href=\"https:\/\/www.salentocongusto.com\/it\/argomenti\/gastronomia\" rel=\"category tag\">Gastronomia<\/a>\t\t\t<\/span>\n\t\t\t<span class=\"meta-sep\">|<\/span>\n\t\t\t\t\t\t\t<span class=\"tag-links\">\n\t\t\t\t<span class=\"entry-utility-prep entry-utility-prep-tag-links\">Tagged<\/span> <a href=\"https:\/\/www.salentocongusto.com\/it\/tag\/curiosita\" rel=\"tag\">curiosit\u00e0<\/a>, <a href=\"https:\/\/www.salentocongusto.com\/it\/tag\/frise\" rel=\"tag\">frise<\/a>, <a href=\"https:\/\/www.salentocongusto.com\/it\/tag\/friselle\" rel=\"tag\">friselle<\/a>, <a href=\"https:\/\/www.salentocongusto.com\/it\/tag\/gastronomia\" rel=\"tag\">gastronomia<\/a>, <a href=\"https:\/\/www.salentocongusto.com\/it\/tag\/puglia\" rel=\"tag\">puglia<\/a>\t\t\t<\/span>\n\t\t\t<span class=\"meta-sep\">|<\/span>\n\t\t\t\t<span class=\"comments-link\">\n\t\t\t<a href=\"https:\/\/www.salentocongusto.com\/it\/friselle-pugliesi-gusto-autentico-pugliese-dopo-estate.htm#respond\">Leave a comment<\/a>\t\t<\/span>\n\t\t\t<\/div>\n<\/div>\n<!-- \/\/ Post Wrap End -->\n\n<!-- NOTE: If you need to make changes to this file, copy it to your current theme's main\n\tdirectory so your changes won't be overwritten when the plugin is upgraded. -->\n\n<!-- Post Wrap Start-->\n<div class=\"post hentry ivycat-post\">\n\n\t<!-- \tThis outputs the post TITLE -->\n\t<h2 class=\"entry-title\"><a href=\"https:\/\/www.salentocongusto.com\/it\/origano-selvatico-salento-pianta-aromatica.htm\">Origano selvatico del Salento: pianta aromatica, usi e dove trovarla<\/a><\/h2>\n\n\t<!-- \tThis outputs the post EXCERPT.  To display full content including images and html,\n\t\treplace the_excerpt(); with the_content();  below. -->\n\t<div class=\"entry-summary\">\n\t\t<p>L\u2019origano selvatico \u00e8 un\u2019erba aromatica tipica del Salento, ideale in cucina e facile da coltivare. In questo articolo scopri usi, raccolta, acquisto e altre piante aromatiche locali.<\/p>\n\t<\/div>\n\n\t<!--\tThis outputs the post META information -->\n\t<div class=\"entry-utility\">\n\t\t\t\t\t<span class=\"cat-links\">\n\t\t\t\t<span class=\"entry-utility-prep entry-utility-prep-cat-links\">Posted in<\/span> <a href=\"https:\/\/www.salentocongusto.com\/it\/argomenti\/gastronomia\" rel=\"category tag\">Gastronomia<\/a>\t\t\t<\/span>\n\t\t\t<span class=\"meta-sep\">|<\/span>\n\t\t\t\t\t\t\t<span class=\"tag-links\">\n\t\t\t\t<span class=\"entry-utility-prep entry-utility-prep-tag-links\">Tagged<\/span> <a href=\"https:\/\/www.salentocongusto.com\/it\/tag\/erbe-aromatiche\" rel=\"tag\">erbe aromatiche<\/a>, <a href=\"https:\/\/www.salentocongusto.com\/it\/tag\/origano\" rel=\"tag\">origano<\/a>, <a href=\"https:\/\/www.salentocongusto.com\/it\/tag\/salento\" rel=\"tag\">salento<\/a>\t\t\t<\/span>\n\t\t\t<span class=\"meta-sep\">|<\/span>\n\t\t\t\t<span class=\"comments-link\">\n\t\t\t<a href=\"https:\/\/www.salentocongusto.com\/it\/origano-selvatico-salento-pianta-aromatica.htm#respond\">Leave a comment<\/a>\t\t<\/span>\n\t\t\t<\/div>\n<\/div>\n<!-- \/\/ Post Wrap End -->\n\n<!-- NOTE: If you need to make changes to this file, copy it to your current theme's main\n\tdirectory so your changes won't be overwritten when the plugin is upgraded. -->\n\n<!-- Post Wrap Start-->\n<div class=\"post hentry ivycat-post\">\n\n\t<!-- \tThis outputs the post TITLE -->\n\t<h2 class=\"entry-title\"><a href=\"https:\/\/www.salentocongusto.com\/it\/dolci-di-carnevale-tipici-del-salento.htm\">Dolci di Carnevale tipici del Salento<\/a><\/h2>\n\n\t<!-- \tThis outputs the post EXCERPT.  To display full content including images and html,\n\t\treplace the_excerpt(); with the_content();  below. -->\n\t<div class=\"entry-summary\">\n\t\t<p>I dolci di Carnevale si preparano in tutta Italia cos\u00ec come in Salento: e allora, scopriamo quali sono i pi\u00f9 golosi dolci del Salento tipici di questo bellissimo periodo festivo che interessa tutto lo stivale da nord a sud!<\/p>\n\t<\/div>\n\n\t<!--\tThis outputs the post META information -->\n\t<div class=\"entry-utility\">\n\t\t\t\t\t<span class=\"cat-links\">\n\t\t\t\t<span class=\"entry-utility-prep entry-utility-prep-cat-links\">Posted in<\/span> <a href=\"https:\/\/www.salentocongusto.com\/it\/argomenti\/gastronomia\" rel=\"category tag\">Gastronomia<\/a>\t\t\t<\/span>\n\t\t\t<span class=\"meta-sep\">|<\/span>\n\t\t\t\t\t\t\t<span class=\"tag-links\">\n\t\t\t\t<span class=\"entry-utility-prep entry-utility-prep-tag-links\">Tagged<\/span> <a href=\"https:\/\/www.salentocongusto.com\/it\/tag\/cartellate\" rel=\"tag\">cartellate<\/a>, <a href=\"https:\/\/www.salentocongusto.com\/it\/tag\/dolci\" rel=\"tag\">dolci<\/a>, <a href=\"https:\/\/www.salentocongusto.com\/it\/tag\/puglia\" rel=\"tag\">puglia<\/a>, <a href=\"https:\/\/www.salentocongusto.com\/it\/tag\/purcedduzzi\" rel=\"tag\">purcedduzzi<\/a>, <a href=\"https:\/\/www.salentocongusto.com\/it\/tag\/salento\" rel=\"tag\">salento<\/a>\t\t\t<\/span>\n\t\t\t<span class=\"meta-sep\">|<\/span>\n\t\t\t\t<span class=\"comments-link\">\n\t\t\t<a href=\"https:\/\/www.salentocongusto.com\/it\/dolci-di-carnevale-tipici-del-salento.htm#respond\">Leave a comment<\/a>\t\t<\/span>\n\t\t\t<\/div>\n<\/div>\n<!-- \/\/ Post Wrap End -->\n\n<!-- NOTE: If you need to make changes to this file, copy it to your current theme's main\n\tdirectory so your changes won't be overwritten when the plugin is upgraded. -->\n\n<!-- Post Wrap Start-->\n<div class=\"post hentry ivycat-post\">\n\n\t<!-- \tThis outputs the post TITLE -->\n\t<h2 class=\"entry-title\"><a href=\"https:\/\/www.salentocongusto.com\/it\/storia-dei-taralli-pugliesi-tra-curiosita-e-gusto.htm\">Storia dei taralli pugliesi, tra curiosit\u00e0 e gusto<\/a><\/h2>\n\n\t<!-- \tThis outputs the post EXCERPT.  To display full content including images and html,\n\t\treplace the_excerpt(); with the_content();  below. -->\n\t<div class=\"entry-summary\">\n\t\t<p>I taralli pugliesi, creati con ingredienti semplici come farina, olio e vino, nascono dalla cucina contadina. Simbolo della Puglia, oggi offrono una variet\u00e0 di sapori, dai classici al finocchietto alle versioni moderne, e sono amati in tutto il mondo per la loro croccantezza.<\/p>\n\t<\/div>\n\n\t<!--\tThis outputs the post META information -->\n\t<div class=\"entry-utility\">\n\t\t\t\t\t<span class=\"cat-links\">\n\t\t\t\t<span class=\"entry-utility-prep entry-utility-prep-cat-links\">Posted in<\/span> <a href=\"https:\/\/www.salentocongusto.com\/it\/argomenti\/gastronomia\" rel=\"category tag\">Gastronomia<\/a>\t\t\t<\/span>\n\t\t\t<span class=\"meta-sep\">|<\/span>\n\t\t\t\t\t\t\t<span class=\"tag-links\">\n\t\t\t\t<span class=\"entry-utility-prep entry-utility-prep-tag-links\">Tagged<\/span> <a href=\"https:\/\/www.salentocongusto.com\/it\/tag\/taralli\" rel=\"tag\">taralli<\/a>, <a href=\"https:\/\/www.salentocongusto.com\/it\/tag\/taralli-dolci\" rel=\"tag\">taralli dolci<\/a>, <a href=\"https:\/\/www.salentocongusto.com\/it\/tag\/taralli-pugliesi\" rel=\"tag\">taralli pugliesi<\/a>, <a href=\"https:\/\/www.salentocongusto.com\/it\/tag\/taralli-salati\" rel=\"tag\">taralli salati<\/a>\t\t\t<\/span>\n\t\t\t<span class=\"meta-sep\">|<\/span>\n\t\t\t\t<span class=\"comments-link\">\n\t\t\t<a href=\"https:\/\/www.salentocongusto.com\/it\/storia-dei-taralli-pugliesi-tra-curiosita-e-gusto.htm#respond\">Leave a comment<\/a>\t\t<\/span>\n\t\t\t<\/div>\n<\/div>\n<!-- \/\/ Post Wrap End -->\n\n<!-- NOTE: If you need to make changes to this file, copy it to your current theme's main\n\tdirectory so your changes won't be overwritten when the plugin is upgraded. -->\n\n<!-- Post Wrap Start-->\n<div class=\"post hentry ivycat-post\">\n\n\t<!-- \tThis outputs the post TITLE -->\n\t<h2 class=\"entry-title\"><a href=\"https:\/\/www.salentocongusto.com\/it\/capocollo-di-martina-franca-e-un-dop.htm\">Capocollo di Martina Franca \u00e8 un DOP?<\/a><\/h2>\n\n\t<!-- \tThis outputs the post EXCERPT.  To display full content including images and html,\n\t\treplace the_excerpt(); with the_content();  below. -->\n\t<div class=\"entry-summary\">\n\t\t<p>Il Capocollo di Martina Franca \u00e8 un salume pugliese artigianale, noto per l&#8217;affumicatura con legno di quercia e mandorle. Pur non essendo DOP, \u00e8 tutelato da Slow Food e rappresenta un&#8217;eccellenza locale grazie al sapore inconfondibile e al legame con la tradizione.<\/p>\n\t<\/div>\n\n\t<!--\tThis outputs the post META information -->\n\t<div class=\"entry-utility\">\n\t\t\t\t\t<span class=\"cat-links\">\n\t\t\t\t<span class=\"entry-utility-prep entry-utility-prep-cat-links\">Posted in<\/span> <a href=\"https:\/\/www.salentocongusto.com\/it\/argomenti\/gastronomia\" rel=\"category tag\">Gastronomia<\/a>\t\t\t<\/span>\n\t\t\t<span class=\"meta-sep\">|<\/span>\n\t\t\t\t\t\t\t<span class=\"tag-links\">\n\t\t\t\t<span class=\"entry-utility-prep entry-utility-prep-tag-links\">Tagged<\/span> <a href=\"https:\/\/www.salentocongusto.com\/it\/tag\/alimentazione\" rel=\"tag\">alimentazione<\/a>, <a href=\"https:\/\/www.salentocongusto.com\/it\/tag\/capocollo\" rel=\"tag\">capocollo<\/a>, <a href=\"https:\/\/www.salentocongusto.com\/it\/tag\/consigli\" rel=\"tag\">consigli<\/a>, <a href=\"https:\/\/www.salentocongusto.com\/it\/tag\/shopping-online\" rel=\"tag\">shopping online<\/a>\t\t\t<\/span>\n\t\t\t<span class=\"meta-sep\">|<\/span>\n\t\t\t\t<span class=\"comments-link\">\n\t\t\t<a href=\"https:\/\/www.salentocongusto.com\/it\/capocollo-di-martina-franca-e-un-dop.htm#respond\">Leave a comment<\/a>\t\t<\/span>\n\t\t\t<\/div>\n<\/div>\n<!-- \/\/ Post Wrap End -->\n\n","protected":false},"excerpt":{"rendered":"<p>Guida all&#8217;acquisto dei prodotti tipici salentini: consigli utili Hai voglia di prodotti tipici salentini ma non sai come orientarti nella&hellip;<\/p>\n","protected":false},"author":1,"featured_media":4258,"parent":0,"menu_order":12,"comment_status":"closed","ping_status":"closed","template":"","meta":{"footnotes":""},"class_list":["post-3093","page","type-page","status-publish","has-post-thumbnail","hentry"],"aioseo_notices":[],"_links":{"self":[{"href":"https:\/\/www.salentocongusto.com\/it\/wp-json\/wp\/v2\/pages\/3093","targetHints":{"allow":["GET"]}}],"collection":[{"href":"https:\/\/www.salentocongusto.com\/it\/wp-json\/wp\/v2\/pages"}],"about":[{"href":"https:\/\/www.salentocongusto.com\/it\/wp-json\/wp\/v2\/types\/page"}],"author":[{"embeddable":true,"href":"https:\/\/www.salentocongusto.com\/it\/wp-json\/wp\/v2\/users\/1"}],"replies":[{"embeddable":true,"href":"https:\/\/www.salentocongusto.com\/it\/wp-json\/wp\/v2\/comments?post=3093"}],"version-history":[{"count":1,"href":"https:\/\/www.salentocongusto.com\/it\/wp-json\/wp\/v2\/pages\/3093\/revisions"}],"predecessor-version":[{"id":7850,"href":"https:\/\/www.salentocongusto.com\/it\/wp-json\/wp\/v2\/pages\/3093\/revisions\/7850"}],"wp:featuredmedia":[{"embeddable":true,"href":"https:\/\/www.salentocongusto.com\/it\/wp-json\/wp\/v2\/media\/4258"}],"wp:attachment":[{"href":"https:\/\/www.salentocongusto.com\/it\/wp-json\/wp\/v2\/media?parent=3093"}],"curies":[{"name":"wp","href":"https:\/\/api.w.org\/{rel}","templated":true}]}}