{"id":1095,"date":"2016-07-14T10:39:07","date_gmt":"2016-07-14T08:39:07","guid":{"rendered":"http:\/\/www.salentocongusto.com\/?page_id=1095"},"modified":"2024-07-10T17:42:38","modified_gmt":"2024-07-10T15:42:38","slug":"ricette-tipiche-salentine","status":"publish","type":"page","link":"https:\/\/www.salentocongusto.com\/it\/ricette-tipiche-salentine","title":{"rendered":"Ricette tipiche salentine"},"content":{"rendered":"<h2>Ricette tipiche salentine tradizionali<\/h2>\n<p>Per chi ha deciso di passare le sue vacanze nel Salento o per chi, gi\u00e0 passato da questa terra meravigliosa, volesse semplicemente riproporle, ecco per voi alcune ricette tipiche salentine che, a nostro avviso, costituiscono la base gastronomica del tacco d\u2019Italia.<\/p>\n\n<!-- Page-list plugin v.5.9 wordpress.org\/plugins\/page-list\/ -->\n<div class=\"page-list page-list-ext \">\n<div class=\"page-list-ext-item\"><div class=\"page-list-ext-image\"><a href=\"https:\/\/www.salentocongusto.com\/it\/ricette-tipiche-salentine\/friselle-pugliesi-come-condirle\" title=\"Friselle pugliesi come condirle 15 idee da copiare\"><img decoding=\"async\" src=\"https:\/\/www.salentocongusto.com\/it\/wp-content\/uploads\/2025\/07\/frisa-salentina-La-Terra-di-Puglia-150x150.jpeg\" width=\"150\" alt=\"Friselle pugliesi come condirle 15 idee da copiare\" \/><\/a><\/div> <h3 class=\"page-list-ext-title\"><a href=\"https:\/\/www.salentocongusto.com\/it\/ricette-tipiche-salentine\/friselle-pugliesi-come-condirle\" title=\"Friselle pugliesi come condirle 15 idee da copiare\">Friselle pugliesi come condirle 15 idee da copiare<\/a><\/h3><div class=\"page-list-ext-item-content\">Friselle pugliesi: la frisella pugliese porta in tavola la voglia di gusto e sapore autentico pugliese, \u00e8 veloce e versatile come non mai. Impara a prepararla e condirla insieme a noi. <\/div><\/div>\n<div class=\"page-list-ext-item\"><div class=\"page-list-ext-image\"><a href=\"https:\/\/www.salentocongusto.com\/it\/ricette-tipiche-salentine\/cartellate\" title=\"Le cartellate\"><img decoding=\"async\" src=\"https:\/\/www.salentocongusto.com\/it\/wp-content\/uploads\/2024\/12\/IMG_7993-150x150.jpg\" width=\"150\" alt=\"Le cartellate\" \/><\/a><\/div> <h3 class=\"page-list-ext-title\"><a href=\"https:\/\/www.salentocongusto.com\/it\/ricette-tipiche-salentine\/cartellate\" title=\"Le cartellate\">Le cartellate<\/a><\/h3><div class=\"page-list-ext-item-content\">Tra le ricette tipiche salentine non possiamo non nominare le cartellate . Le cartellate sono dolci tipici del Salento che si preparano solitamente a Natale o nelle occasioni di festa. Come molti dolci pugliesi, anche le cartellate sono dolci fritti....<\/div><\/div>\n<div class=\"page-list-ext-item\"><div class=\"page-list-ext-image\"><a href=\"https:\/\/www.salentocongusto.com\/it\/ricette-tipiche-salentine\/le-pittule-salentine\" title=\"Le pittule salentine\"><img decoding=\"async\" src=\"https:\/\/www.salentocongusto.com\/it\/wp-content\/uploads\/2021\/04\/pittule-salentine-150x150.jpeg\" width=\"150\" alt=\"Le pittule salentine\" \/><\/a><\/div> <h3 class=\"page-list-ext-title\"><a href=\"https:\/\/www.salentocongusto.com\/it\/ricette-tipiche-salentine\/le-pittule-salentine\" title=\"Le pittule salentine\">Le pittule salentine<\/a><\/h3><div class=\"page-list-ext-item-content\">Ricetta delle Pittule  \r\nLe pittule , conosciute anche come \"pittule \", rappresentano un piatto tradizionale della cucina pugliese che incanta per la sua semplicit\u00e0 e gusto unico. L'impasto per pittule  \u00e8 essenziale per ottenere la consistenza perfetta: u...<\/div><\/div>\n<div class=\"page-list-ext-item\"><div class=\"page-list-ext-image\"><a href=\"https:\/\/www.salentocongusto.com\/it\/ricette-tipiche-salentine\/orecchiette-alle-cime-di-rapa\" title=\"Orecchiette alle cime di rapa\"><img decoding=\"async\" src=\"https:\/\/www.salentocongusto.com\/it\/wp-content\/uploads\/2016\/07\/ricette-tipiche-pugliesi-orecchiette-alle-cime-di-rapa-bari-vacanze-gallipoli-150x150.jpg\" width=\"150\" alt=\"Orecchiette alle cime di rapa\" \/><\/a><\/div> <h3 class=\"page-list-ext-title\"><a href=\"https:\/\/www.salentocongusto.com\/it\/ricette-tipiche-salentine\/orecchiette-alle-cime-di-rapa\" title=\"Orecchiette alle cime di rapa\">Orecchiette alle cime di rapa<\/a><\/h3><div class=\"page-list-ext-item-content\">\r\n\r\nIl piatto, forse, pi\u00f9 conosciuto della tradizione culinaria pugliese, ormai conosciuto ovunque, \u00e8 una vera istituzione per tutti gli amanti della pasta: le orecchiette  alle cime di rapa ! E' un piatto buono e naturalmente anche sano, a base di u...<\/div><\/div>\n<div class=\"page-list-ext-item\"><div class=\"page-list-ext-image\"><a href=\"https:\/\/www.salentocongusto.com\/it\/ricette-tipiche-salentine\/ricetta-pasticciotto\" title=\"Ricetta del Pasticciotto\"><img decoding=\"async\" src=\"https:\/\/www.salentocongusto.com\/it\/wp-content\/uploads\/2016\/07\/pasticciotto-leccese-dolci-tipici-del-salento-150x150.jpg\" width=\"150\" alt=\"Ricetta del Pasticciotto\" \/><\/a><\/div> <h3 class=\"page-list-ext-title\"><a href=\"https:\/\/www.salentocongusto.com\/it\/ricette-tipiche-salentine\/ricetta-pasticciotto\" title=\"Ricetta del Pasticciotto\">Ricetta del Pasticciotto<\/a><\/h3><div class=\"page-list-ext-item-content\">Il dolce pi\u00f9 famoso del Salento, un piccolo dolce che potrete trovare in tutti i bar e pasticcerie salentine, ognuno lo fa a modo suo, ma la ricetta classica \u00e8 questa qua.\r\nINGREDIENTI  \r\npasta frolla: \r\n\r\n \t600g di farina \r\n \t300g di strutto \r\n \t300g d...<\/div><\/div>\n<div class=\"page-list-ext-item\"><div class=\"page-list-ext-image\"><a href=\"https:\/\/www.salentocongusto.com\/it\/ricette-tipiche-salentine\/ricetta-salentina-ciceri-e-tria-pasta-fritta-con-i-ceci\" title=\"Ricetta salentina ciceri e tria, pasta fritta con i ceci\"><img decoding=\"async\" src=\"https:\/\/www.salentocongusto.com\/it\/wp-content\/uploads\/2016\/07\/ciciri-e-tria-ricette-tipiche-salentine-piatti-tipici-ceci-e-pancetta-150x150.png\" width=\"150\" alt=\"Ricetta salentina ciceri e tria, pasta fritta con i ceci\" \/><\/a><\/div> <h3 class=\"page-list-ext-title\"><a href=\"https:\/\/www.salentocongusto.com\/it\/ricette-tipiche-salentine\/ricetta-salentina-ciceri-e-tria-pasta-fritta-con-i-ceci\" title=\"Ricetta salentina ciceri e tria, pasta fritta con i ceci\">Ricetta salentina ciceri e tria, pasta fritta con i ceci<\/a><\/h3><div class=\"page-list-ext-item-content\">Una famosa ricette che se siete salentini o siete in vacanza nel salento non potete non assaggiare. Non \u00e8 difficile farla, l'unica cosa \u00e8 che ci vuole una pasta chiamata Tria che non \u00e8 facile trovare in giro.\r\n\r\n\r\n\r\nPer circa 7\/8 persone\r\nINGREDIENTI:  \r...<\/div><\/div>\n\n<\/div>\n<h3>Polpo alla pignata<\/h3>\n<p><img loading=\"lazy\" decoding=\"async\" class=\"alignnone size-full wp-image-1465\" src=\"https:\/\/www.salentocongusto.com\/wp-content\/uploads\/2016\/07\/polpo-alla-pignata-ricette-tipiche-polpo-con-le-patate.jpg\" alt=\"Ricetta Polpo alla pignata con patate Pugliese\" width=\"252\" height=\"232\" \/><\/p>\n<h4><strong>INGREDIENTI:<\/strong><\/h4>\n<ul>\n<li>1 polpo<\/li>\n<li>3 pomodori maturi<\/li>\n<li>1 cipolla rossa<\/li>\n<li>1 mazzetto di prezzemolo<\/li>\n<li>1 spicchio d\u2019aglio<\/li>\n<li>1 foglia di alloro<\/li>\n<li>pepe<\/li>\n<li>olio di oliva q.b.<\/li>\n<\/ul>\n<h4><strong>PROCEDIMENTO:<\/strong><\/h4>\n<p>Si batte a lungo il polpo per ammorbidirlo, si taglia a pezzettini e si lava. Si sistema quindi in una pentola di terracotta ( Pignata) con i pomodori maturi tagliati a pezzi, l\u2019aglio, il pepe e gli altri aromi. Condire con olio d\u2019oliva e far cuocere lentamente per molto tempo senza aggiungere n\u00e9 acqua ne sale. (Il polpo si cuoce con la sua stessa acqua). Se gradito potete aggiungere una spolverata di peperoncino.<\/p>\n<h3>Peperonata salentina, una delle pi\u00f9 gustose ricette tipiche salentine<\/h3>\n<p><img loading=\"lazy\" decoding=\"async\" class=\"alignnone wp-image-2684 size-full\" src=\"https:\/\/www.salentocongusto.com\/wp-content\/uploads\/2017\/09\/peperonata-salentina.png\" alt=\"ricette tipiche salentine - Salentocongusto.com\" width=\"265\" height=\"197\" srcset=\"https:\/\/www.salentocongusto.com\/it\/wp-content\/uploads\/2017\/09\/peperonata-salentina.png 265w, https:\/\/www.salentocongusto.com\/it\/wp-content\/uploads\/2017\/09\/peperonata-salentina-160x120.png 160w\" sizes=\"auto, (max-width: 265px) 100vw, 265px\" \/><\/p>\n<h4><strong>INGREDIENTI:<\/strong><\/h4>\n<p>Peperoni dolci misti 1kg; pomodorini pachino 200g; mezza cipolla rossa di tropea; pepe; prezzemolo; origano; vino bianco;\u00a0<strong><a href=\"https:\/\/www.salentocongusto.com\/it\/prodotto\/liquore-di-peperoncino-piccante\">\u201cU Focu Meu\u201d Linfa Salento.<\/a><\/strong><\/p>\n<h4><strong>PREPARAZIONE:<\/strong><\/h4>\n<p>In una pentola antiaderente far lievemente soffriggere, facendo attenzione a non farla annerire, la cipolla (possibilmente cipolla rossa di tropea) tagliata a spicchi sottili, versare dunque i peperoni dolci precedentemente tagliati a fette, lavati ed asciugati, i pomodorini pachino e rigirare pi\u00f9 volte affinch\u00e8 tutti i peperoni versati non raggiungono una temperatura omogenea; versare nella pentola un p\u00f2 di vino bianco, coprire e lasciar cuocere facendo tirare l\u2019alcol del vino, dopo aggiungere pepe nero macinato grosso e a piacere un p\u00f2 di prezzemolo tritato e origano, portare a cottura finch\u00e8 i peperoni non si ammorbidiscono. Pochi minuti prima di togliere dal fuoco la pentola, aggiungere la quantit\u00e0 di un bicchierino da liquore di \u201cU Focu Meu\u201d Linfa Salento. Lasciar intiepidire e servire a tavola accompagnando con del pane di grano o con delle frise ed un buon bicchiere di vino rosso.<\/p>\n<h3>Orata al timo<\/h3>\n<p><img loading=\"lazy\" decoding=\"async\" class=\"alignnone wp-image-2686 size-full\" src=\"https:\/\/www.salentocongusto.com\/wp-content\/uploads\/2017\/07\/orata-al-timo.jpg\" alt=\"ricette tipiche del Salento - Salentocongusto.com\" width=\"280\" height=\"210\" srcset=\"https:\/\/www.salentocongusto.com\/it\/wp-content\/uploads\/2017\/07\/orata-al-timo.jpg 280w, https:\/\/www.salentocongusto.com\/it\/wp-content\/uploads\/2017\/07\/orata-al-timo-160x120.jpg 160w\" sizes=\"auto, (max-width: 280px) 100vw, 280px\" \/><\/p>\n<h4><strong>INGREDIENTI:<\/strong><\/h4>\n<p>2 Orate gi\u00e0 pulite (circa 700g ciascuna); 150g di piselli; 4 asparagi; 200g di piselli; 1 carota; 4 <a href=\"https:\/\/shop.laterradipuglia.it\/it\/conserve-pugliesi\/16-cime-di-rapa-sott-olio-alla-pugliese-8053689160888.html\">cime di broccoli<\/a>; 3 rametti di timo; 3 cucchiai d\u2019olio di oliva; 2 spicchi di aglio; 8 pomodori ciliegino; sale grosso; sale fino; pepe macinato;\u00a0<strong><a href=\"https:\/\/www.salentocongusto.com\/it\/prodotto\/liquore-al-timo-salentino\">\u201cTimu\u201d Linfa Salento.<\/a><\/strong><\/p>\n<p><strong>Per il dragoncello:<\/strong><\/p>\n<p>1 Scalogno; 60g di burro; 3 cucchiai di vino bianco; 20cl di fumetto di pesce; 2 rametti di dragoncello; 1\/2 limone.<\/p>\n<h4><strong>PREPARAZIONE:<\/strong><\/h4>\n<p>Sgranare e lavare i piselli finissimi. Farli cuocere per 10 minuti in acqua bollente con un pizzico di sale grosso, quindi scolarli. Pulire gli asparagi e i piselli. Tagliare la carota a bastoncini. Far cuocere separatamente le verdure e i broccoli in acqua salata per 10 minuti. Scolarli appena sono cotti. Preparare la salsa al dragoncello. Pulire lo scalogno e farlo rosolare per 5 minuti in 10g di burro ammorbidito con del vino bianco. Mescolare bene e far cuocere fino a completa evaporazione del liquido. Bagnare il tutto con il fumetto di pesce e portare ad ebollizione. Togliere dal fuoco e aggiungere 50g di burro amalgamando con cura. Infine, unire la salsa le foglie di dragoncello e il succo di limone. Pulire le orate, lavarle e asciugarle. Insaporirle con sale, pepe, e un rametto di timo. Condire il pesce con olio di oliva, cospargervi sopra la quantit\u00e0 di un bicchierino da liquore di \u201cTimu\u201d Linfa Salento sminuzzare il resto del timo e disporre gli spicchi d\u2019aglio tutt\u2019intorno. Preriscaldare il forno a 250\u00b0C e infornare le orate per 10 minuti. Dopo di che, lasciar riposare per altri 10 minuti fuori dal forno. Lavare i pomodorini ciliegino. Riscaldare le verdure gi\u00e0 pronte nella salsa al dragoncello e aggiungere all\u2019ultimo momento i pomodorini. Ripartire il misto di verdure nei piatti. Filtrare l\u2019acqua di cottura del pesce e unirla alla salsa di dragoncello. Disporre con cura i filetti d\u2019orata sulle verdure. Aggiungere la salsa al dragoncello e servire immediatamente.<\/p>\n<h3>Macedonia del Salento<\/h3>\n<p><img loading=\"lazy\" decoding=\"async\" class=\"alignnone wp-image-2685 size-full\" src=\"https:\/\/www.salentocongusto.com\/wp-content\/uploads\/2016\/09\/macedonia-di-frutta.png\" alt=\"ricette tipiche salentine - Salentocongusto.com\" width=\"281\" height=\"187\" \/><\/p>\n<h4><strong>INGREDIENTI:<\/strong><\/h4>\n<p>Fragole 200g; Melone polpa 100g; Succo di limone 1; Ananas 150g; Kiwi 200g; Banane polpa 150g; Zucchero 40g;\u00a0<strong><a href=\"https:\/\/www.salentocongusto.com\/it\/prodotto\/liquore-al-finocchietto\">\u201cFinocchietto\u201d Linfa Salento.<\/a><\/strong>\u00a0<strong>per guarnire:<\/strong>\u00a0Menta q.b.<\/p>\n<h4><strong>PREPARAZIONE:<\/strong><\/h4>\n<p>Per preparare la macedonia, iniziare tagliando il melone a fette e poi a cubetti. Pulite l\u2019ananas e riducete la polpa a cubetti. Sbucciate i kiwi e tagliate anch\u2019essi in piccoli cubetti, poi lavate bene le fragole, privatele del picciolo verde e tagliatele a met\u00e0 o in quarti. In ultimo sbucciate le banane e tagliatele a rondelle non troppo sottili. Una volta aver tagliato tutta la frutta versatela all\u2019interno di una piccola ciotola e mescolate delicatamente. Ricavate il succo da un limone e aggiungetelo alla frutta, unite poi anche lo zucchero e mescolate ancora delicatamente. Lasciate riposare la macedonia per circa un\u2019ora. Preparando le porzioni aggiungete ad ognuna di esse il quantitativo di in cucchiaio di \u201cFinocchietto\u201d Linfa Salento.<\/p>\n\n<!-- NOTE: If you need to make changes to this file, copy it to your current theme's main\n\tdirectory so your changes won't be overwritten when the plugin is upgraded. -->\n\n<!-- Post Wrap Start-->\n<div class=\"post hentry ivycat-post\">\n\n\t<!-- \tThis outputs the post TITLE -->\n\t<h2 class=\"entry-title\"><a href=\"https:\/\/www.salentocongusto.com\/it\/funghi-cardoncelli-ricette-di-primi-piatti-da-copiare.htm\">Funghi cardoncelli, ricette di primi piatti da copiare<\/a><\/h2>\n\n\t<!-- \tThis outputs the post EXCERPT.  To display full content including images and html,\n\t\treplace the_excerpt(); with the_content();  below. -->\n\t<div class=\"entry-summary\">\n\t\t<p>I funghi cardoncelli del Salento sono perfetti per dar vita a primi piatti gustosi e tradizionali. Scopri le caratteristiche di questi funghi cos\u00ec gustosi e saporiti. <\/p>\n\t<\/div>\n\n\t<!--\tThis outputs the post META information -->\n\t<div class=\"entry-utility\">\n\t\t\t\t\t<span class=\"cat-links\">\n\t\t\t\t<span class=\"entry-utility-prep entry-utility-prep-cat-links\">Posted in<\/span> <a href=\"https:\/\/www.salentocongusto.com\/it\/argomenti\/ricette\" rel=\"category tag\">Ricette<\/a>\t\t\t<\/span>\n\t\t\t<span class=\"meta-sep\">|<\/span>\n\t\t\t\t\t\t\t<span class=\"tag-links\">\n\t\t\t\t<span class=\"entry-utility-prep entry-utility-prep-tag-links\">Tagged<\/span> <a href=\"https:\/\/www.salentocongusto.com\/it\/tag\/funghi\" rel=\"tag\">funghi<\/a>, <a href=\"https:\/\/www.salentocongusto.com\/it\/tag\/funghi-cardoncelli\" rel=\"tag\">funghi cardoncelli<\/a>, <a href=\"https:\/\/www.salentocongusto.com\/it\/tag\/puglia\" rel=\"tag\">puglia<\/a>, <a href=\"https:\/\/www.salentocongusto.com\/it\/tag\/ricette\" rel=\"tag\">ricette<\/a>, <a href=\"https:\/\/www.salentocongusto.com\/it\/tag\/salento\" rel=\"tag\">salento<\/a>\t\t\t<\/span>\n\t\t\t<span class=\"meta-sep\">|<\/span>\n\t\t\t\t<span class=\"comments-link\">\n\t\t\t<a href=\"https:\/\/www.salentocongusto.com\/it\/funghi-cardoncelli-ricette-di-primi-piatti-da-copiare.htm#respond\">Leave a comment<\/a>\t\t<\/span>\n\t\t\t<\/div>\n<\/div>\n<!-- \/\/ Post Wrap End -->\n\n<!-- NOTE: If you need to make changes to this file, copy it to your current theme's main\n\tdirectory so your changes won't be overwritten when the plugin is upgraded. -->\n\n<!-- Post Wrap Start-->\n<div class=\"post hentry ivycat-post\">\n\n\t<!-- \tThis outputs the post TITLE -->\n\t<h2 class=\"entry-title\"><a href=\"https:\/\/www.salentocongusto.com\/it\/cicoria-sottolio-ricetta.htm\">Cicoria sott&#8217;olio ricetta facile e saporita<\/a><\/h2>\n\n\t<!-- \tThis outputs the post EXCERPT.  To display full content including images and html,\n\t\treplace the_excerpt(); with the_content();  below. -->\n\t<div class=\"entry-summary\">\n\t\t<p>Puntarelle sott&#8217;olio in vendita online? Le abbiamo! Ma se vuoi provare a prepararle tu stesso, ti diamo subito una ricetta facile e veloce con qualche variante gustosa. <\/p>\n\t<\/div>\n\n\t<!--\tThis outputs the post META information -->\n\t<div class=\"entry-utility\">\n\t\t\t\t\t<span class=\"cat-links\">\n\t\t\t\t<span class=\"entry-utility-prep entry-utility-prep-cat-links\">Posted in<\/span> <a href=\"https:\/\/www.salentocongusto.com\/it\/argomenti\/ricette\" rel=\"category tag\">Ricette<\/a>\t\t\t<\/span>\n\t\t\t<span class=\"meta-sep\">|<\/span>\n\t\t\t\t\t\t\t<span class=\"tag-links\">\n\t\t\t\t<span class=\"entry-utility-prep entry-utility-prep-tag-links\">Tagged<\/span> <a href=\"https:\/\/www.salentocongusto.com\/it\/tag\/cicoria\" rel=\"tag\">cicoria<\/a>, <a href=\"https:\/\/www.salentocongusto.com\/it\/tag\/puntarelle\" rel=\"tag\">puntarelle<\/a>, <a href=\"https:\/\/www.salentocongusto.com\/it\/tag\/ricette\" rel=\"tag\">ricette<\/a>\t\t\t<\/span>\n\t\t\t<span class=\"meta-sep\">|<\/span>\n\t\t\t\t<span class=\"comments-link\">\n\t\t\t<a href=\"https:\/\/www.salentocongusto.com\/it\/cicoria-sottolio-ricetta.htm#respond\">Leave a comment<\/a>\t\t<\/span>\n\t\t\t<\/div>\n<\/div>\n<!-- \/\/ Post Wrap End -->\n\n<!-- NOTE: If you need to make changes to this file, copy it to your current theme's main\n\tdirectory so your changes won't be overwritten when the plugin is upgraded. -->\n\n<!-- Post Wrap Start-->\n<div class=\"post hentry ivycat-post\">\n\n\t<!-- \tThis outputs the post TITLE -->\n\t<h2 class=\"entry-title\"><a href=\"https:\/\/www.salentocongusto.com\/it\/puntarelle-in-agrodolce-ricetta.htm\">Puntarelle in agrodolce ricetta<\/a><\/h2>\n\n\t<!-- \tThis outputs the post EXCERPT.  To display full content including images and html,\n\t\treplace the_excerpt(); with the_content();  below. -->\n\t<div class=\"entry-summary\">\n\t\t<p>Le puntarelle in agrodolce sono una deliziosa ricetta italiana che unisce la freschezza delle puntarelle, un ortaggio a foglia verde, con la complessit\u00e0 dei sapori agrodolci. Preparata con aceto, zucchero, pinoli e uvetta, questa pietanza offre un equilibrio perfetto tra acidit\u00e0 e dolcezza. Dopo aver saltato le puntarelle in padella, vengono mescolate con la salsa agrodolce per un risultato croccante e aromatico, ideale per arricchire il tuo men\u00f9 con un tocco di tradizione e innovazione.<\/p>\n\t<\/div>\n\n\t<!--\tThis outputs the post META information -->\n\t<div class=\"entry-utility\">\n\t\t\t\t\t<span class=\"cat-links\">\n\t\t\t\t<span class=\"entry-utility-prep entry-utility-prep-cat-links\">Posted in<\/span> <a href=\"https:\/\/www.salentocongusto.com\/it\/argomenti\/ricette\" rel=\"category tag\">Ricette<\/a>\t\t\t<\/span>\n\t\t\t<span class=\"meta-sep\">|<\/span>\n\t\t\t\t\t\t\t<span class=\"tag-links\">\n\t\t\t\t<span class=\"entry-utility-prep entry-utility-prep-tag-links\">Tagged<\/span> <a href=\"https:\/\/www.salentocongusto.com\/it\/tag\/gastronomia\" rel=\"tag\">gastronomia<\/a>, <a href=\"https:\/\/www.salentocongusto.com\/it\/tag\/prodotti-tipici\" rel=\"tag\">prodotti tipici<\/a>, <a href=\"https:\/\/www.salentocongusto.com\/it\/tag\/puntarelle\" rel=\"tag\">puntarelle<\/a>, <a href=\"https:\/\/www.salentocongusto.com\/it\/tag\/salento\" rel=\"tag\">salento<\/a>\t\t\t<\/span>\n\t\t\t<span class=\"meta-sep\">|<\/span>\n\t\t\t\t<span class=\"comments-link\">\n\t\t\t<a href=\"https:\/\/www.salentocongusto.com\/it\/puntarelle-in-agrodolce-ricetta.htm#respond\">Leave a comment<\/a>\t\t<\/span>\n\t\t\t<\/div>\n<\/div>\n<!-- \/\/ Post Wrap End -->\n\n<!-- NOTE: If you need to make changes to this file, copy it to your current theme's main\n\tdirectory so your changes won't be overwritten when the plugin is upgraded. -->\n\n<!-- Post Wrap Start-->\n<div class=\"post hentry ivycat-post\">\n\n\t<!-- \tThis outputs the post TITLE -->\n\t<h2 class=\"entry-title\"><a href=\"https:\/\/www.salentocongusto.com\/it\/ricetta-della-pasta-di-mandorle-salentina.htm\">Ricetta della pasta di mandorle salentina<\/a><\/h2>\n\n\t<!-- \tThis outputs the post EXCERPT.  To display full content including images and html,\n\t\treplace the_excerpt(); with the_content();  below. -->\n\t<div class=\"entry-summary\">\n\t\t<p>La ricetta della pasta di mandorle salentina, un grande classico della tradizione gastronomica del Salento, semplice da preparare e sempre gradito a tutti. <\/p>\n\t<\/div>\n\n\t<!--\tThis outputs the post META information -->\n\t<div class=\"entry-utility\">\n\t\t\t\t\t<span class=\"cat-links\">\n\t\t\t\t<span class=\"entry-utility-prep entry-utility-prep-cat-links\">Posted in<\/span> <a href=\"https:\/\/www.salentocongusto.com\/it\/argomenti\/ricette\" rel=\"category tag\">Ricette<\/a>\t\t\t<\/span>\n\t\t\t<span class=\"meta-sep\">|<\/span>\n\t\t\t\t\t\t\t<span class=\"tag-links\">\n\t\t\t\t<span class=\"entry-utility-prep entry-utility-prep-tag-links\">Tagged<\/span> <a href=\"https:\/\/www.salentocongusto.com\/it\/tag\/mandorle\" rel=\"tag\">mandorle<\/a>, <a href=\"https:\/\/www.salentocongusto.com\/it\/tag\/ricette-tipiche\" rel=\"tag\">ricette tipiche<\/a>, <a href=\"https:\/\/www.salentocongusto.com\/it\/tag\/salento\" rel=\"tag\">salento<\/a>\t\t\t<\/span>\n\t\t\t<span class=\"meta-sep\">|<\/span>\n\t\t\t\t<span class=\"comments-link\">\n\t\t\t<a href=\"https:\/\/www.salentocongusto.com\/it\/ricetta-della-pasta-di-mandorle-salentina.htm#respond\">Leave a comment<\/a>\t\t<\/span>\n\t\t\t<\/div>\n<\/div>\n<!-- \/\/ Post Wrap End -->\n\n<!-- NOTE: If you need to make changes to this file, copy it to your current theme's main\n\tdirectory so your changes won't be overwritten when the plugin is upgraded. -->\n\n<!-- Post Wrap Start-->\n<div class=\"post hentry ivycat-post\">\n\n\t<!-- \tThis outputs the post TITLE -->\n\t<h2 class=\"entry-title\"><a href=\"https:\/\/www.salentocongusto.com\/it\/cicoria-selvatica-ecco-perche-e-come-gustarla.htm\">Cicoria selvatica, ecco perch\u00e9 e come gustarla<\/a><\/h2>\n\n\t<!-- \tThis outputs the post EXCERPT.  To display full content including images and html,\n\t\treplace the_excerpt(); with the_content();  below. -->\n\t<div class=\"entry-summary\">\n\t\t<p>Conosciamo pi\u00f9 da vicino la cicoria selvatica, un ingrediente semplice e gustoso offerto da madre natura, perfetto per accontentare tutta la famiglia e per prendersi cura anche della nostra salute. <\/p>\n\t<\/div>\n\n\t<!--\tThis outputs the post META information -->\n\t<div class=\"entry-utility\">\n\t\t\t\t\t<span class=\"cat-links\">\n\t\t\t\t<span class=\"entry-utility-prep entry-utility-prep-cat-links\">Posted in<\/span> <a href=\"https:\/\/www.salentocongusto.com\/it\/argomenti\/cultura\" rel=\"category tag\">Cultura<\/a>, <a href=\"https:\/\/www.salentocongusto.com\/it\/argomenti\/ricette\" rel=\"category tag\">Ricette<\/a>\t\t\t<\/span>\n\t\t\t<span class=\"meta-sep\">|<\/span>\n\t\t\t\t\t\t\t<span class=\"tag-links\">\n\t\t\t\t<span class=\"entry-utility-prep entry-utility-prep-tag-links\">Tagged<\/span> <a href=\"https:\/\/www.salentocongusto.com\/it\/tag\/cicoria\" rel=\"tag\">cicoria<\/a>, <a href=\"https:\/\/www.salentocongusto.com\/it\/tag\/erbe-selvatiche\" rel=\"tag\">erbe selvatiche<\/a>, <a href=\"https:\/\/www.salentocongusto.com\/it\/tag\/ingredienti\" rel=\"tag\">ingredienti<\/a>, <a href=\"https:\/\/www.salentocongusto.com\/it\/tag\/prodotti-tipici-pugliesi\" rel=\"tag\">prodotti tipici pugliesi<\/a>, <a href=\"https:\/\/www.salentocongusto.com\/it\/tag\/ricette\" rel=\"tag\">ricette<\/a>\t\t\t<\/span>\n\t\t\t<span class=\"meta-sep\">|<\/span>\n\t\t\t\t<span class=\"comments-link\">\n\t\t\t<a href=\"https:\/\/www.salentocongusto.com\/it\/cicoria-selvatica-ecco-perche-e-come-gustarla.htm#respond\">Leave a comment<\/a>\t\t<\/span>\n\t\t\t<\/div>\n<\/div>\n<!-- \/\/ Post Wrap End -->\n\n","protected":false},"excerpt":{"rendered":"<p>Ricette tipiche salentine tradizionali Per chi ha deciso di passare le sue vacanze nel Salento o per chi, gi\u00e0 passato&hellip;<\/p>\n","protected":false},"author":1,"featured_media":3718,"parent":0,"menu_order":3,"comment_status":"closed","ping_status":"open","template":"","meta":{"footnotes":""},"class_list":["post-1095","page","type-page","status-publish","has-post-thumbnail","hentry"],"aioseo_notices":[],"_links":{"self":[{"href":"https:\/\/www.salentocongusto.com\/it\/wp-json\/wp\/v2\/pages\/1095","targetHints":{"allow":["GET"]}}],"collection":[{"href":"https:\/\/www.salentocongusto.com\/it\/wp-json\/wp\/v2\/pages"}],"about":[{"href":"https:\/\/www.salentocongusto.com\/it\/wp-json\/wp\/v2\/types\/page"}],"author":[{"embeddable":true,"href":"https:\/\/www.salentocongusto.com\/it\/wp-json\/wp\/v2\/users\/1"}],"replies":[{"embeddable":true,"href":"https:\/\/www.salentocongusto.com\/it\/wp-json\/wp\/v2\/comments?post=1095"}],"version-history":[{"count":4,"href":"https:\/\/www.salentocongusto.com\/it\/wp-json\/wp\/v2\/pages\/1095\/revisions"}],"predecessor-version":[{"id":7991,"href":"https:\/\/www.salentocongusto.com\/it\/wp-json\/wp\/v2\/pages\/1095\/revisions\/7991"}],"wp:featuredmedia":[{"embeddable":true,"href":"https:\/\/www.salentocongusto.com\/it\/wp-json\/wp\/v2\/media\/3718"}],"wp:attachment":[{"href":"https:\/\/www.salentocongusto.com\/it\/wp-json\/wp\/v2\/media?parent=1095"}],"curies":[{"name":"wp","href":"https:\/\/api.w.org\/{rel}","templated":true}]}}